{"id":57,"date":"2024-11-28T13:53:39","date_gmt":"2024-11-28T12:53:39","guid":{"rendered":"https:\/\/www.kind-im-studium.de\/?page_id=57"},"modified":"2025-01-21T10:27:15","modified_gmt":"2025-01-21T09:27:15","slug":"historie","status":"publish","type":"page","link":"https:\/\/www.kind-im-studium.de\/mn\/kinderbetreuung-in-freiberg\/kita-campuszwerge\/historie\/","title":{"rendered":"\u0442\u04af\u04af\u0445"},"content":{"rendered":"<p><div class=\"fusion-fullwidth fullwidth-box fusion-builder-row-1 fusion-flex-container has-pattern-background has-mask-background nonhundred-percent-fullwidth non-hundred-percent-height-scrolling\" style=\"--awb-border-radius-top-left:0px;--awb-border-radius-top-right:0px;--awb-border-radius-bottom-right:0px;--awb-border-radius-bottom-left:0px;--awb-background-color:#ffd988;--awb-flex-wrap:wrap;\" ><div class=\"fusion-builder-row fusion-row fusion-flex-align-items-flex-end fusion-flex-content-wrap\" style=\"max-width:1248px;margin-left: calc(-4% \/ 2 );margin-right: calc(-4% \/ 2 );\"><div class=\"fusion-layout-column fusion_builder_column fusion-builder-column-0 fusion_builder_column_3_4 3_4 fusion-flex-column fusion-flex-align-self-flex-end\" style=\"--awb-overflow:hidden;--awb-bg-size:cover;--awb-border-radius:5px 5px 0px 0px;--awb-width-large:75%;--awb-margin-top-large:2em;--awb-spacing-right-large:2.56%;--awb-margin-bottom-large:0px;--awb-spacing-left-large:2.56%;--awb-width-medium:75%;--awb-order-medium:0;--awb-spacing-right-medium:2.56%;--awb-spacing-left-medium:2.56%;--awb-width-small:100%;--awb-order-small:2;--awb-margin-top-small:2em;--awb-spacing-right-small:1.92%;--awb-spacing-left-small:1.92%;\" data-scroll-devices=\"small-visibility,medium-visibility,large-visibility\"><div class=\"fusion-column-wrapper fusion-column-has-shadow fusion-flex-justify-content-center fusion-content-layout-column\"><nav class=\"fusion-breadcrumbs fusion-breadcrumbs-1\" style=\"--awb-text-hover-color:#002536;--awb-breadcrumb-sep:&#039;\/&#039;;\" aria-label=\"Breadcrumb\"><ol class=\"awb-breadcrumb-list\"><\/ol><\/nav><div class=\"fusion-title title fusion-title-1 fusion-sep-none fusion-title-text fusion-title-size-one\" style=\"--awb-text-color:var(--awb-color8);--awb-margin-bottom:0px;--awb-margin-bottom-small:0px;--awb-font-size:2.8em;\"><h1 class=\"fusion-title-heading title-heading-left fusion-responsive-typography-calculated\" style=\"margin:0;font-size:1em;--fontSize:50.4;line-height:var(--awb-typography1-line-height);\">Geschichte der Kita Campus\u00adzwerge<\/h1><\/div><\/div><\/div><div class=\"fusion-layout-column fusion_builder_column fusion-builder-column-1 fusion_builder_column_1_1 1_1 fusion-flex-column\" style=\"--awb-bg-size:cover;--awb-width-large:100%;--awb-margin-top-large:-40px;--awb-spacing-right-large:1.92%;--awb-margin-bottom-large:0px;--awb-spacing-left-large:1.92%;--awb-width-medium:100%;--awb-order-medium:0;--awb-spacing-right-medium:1.92%;--awb-spacing-left-medium:1.92%;--awb-width-small:100%;--awb-order-small:3;--awb-spacing-right-small:1.92%;--awb-spacing-left-small:1.92%;\"><div class=\"fusion-column-wrapper fusion-column-has-shadow fusion-flex-justify-content-flex-start fusion-content-layout-column\"><div class=\"fusion-section-separator section-separator waves fusion-section-separator-1\" style=\"--awb-spacer-padding-top:inherit;--awb-svg-margin-left:1.92%;--awb-svg-margin-right:1.92%;--awb-svg-margin-left-medium:1.92%;--awb-svg-margin-right-medium:1.92%;--awb-svg-margin-left-small:1.92%;--awb-svg-margin-right-small:1.92%;--awb-divider-height:100px;--awb-spacer-height:100px;--awb-sep-font-size:0;--awb-sep-line-height:0;\"><div class=\"fusion-section-separator-svg\"><svg class=\"fusion-waves-candy\" xmlns=\"http:\/\/www.w3.org\/2000\/svg\" version=\"1.1\" width=\"100%\" viewbox=\"0 54 1024 162\" preserveaspectratio=\"none\" fill=\"rgba(255,255,255,1)\"><path class=\"st3\" d=\"M1024.1 54.368c-4 .2-8 .4-11.9.7-206.5 15.1-227.9 124.4-434.5 141.6-184.9 15.5-226.3-41.1-404.9-21.3-64 7.2-121.9 20.8-172.7 37.9v3.044h1024V54.368z\"\/><\/svg><\/div><div class=\"fusion-section-separator-spacer\"><div class=\"fusion-section-separator-spacer-height\"><\/div><\/div><\/div><\/div><\/div><\/div><\/div><div class=\"fusion-fullwidth fullwidth-box fusion-builder-row-2 fusion-flex-container has-pattern-background has-mask-background nonhundred-percent-fullwidth non-hundred-percent-height-scrolling\" style=\"--awb-border-radius-top-left:0px;--awb-border-radius-top-right:0px;--awb-border-radius-bottom-right:0px;--awb-border-radius-bottom-left:0px;--awb-padding-top:1em;--awb-padding-bottom:1em;--awb-padding-bottom-small:0px;--awb-flex-wrap:wrap;\" ><div class=\"fusion-builder-row fusion-row fusion-flex-align-items-flex-start fusion-flex-justify-content-space-between fusion-flex-content-wrap\" style=\"max-width:1248px;margin-left: calc(-4% \/ 2 );margin-right: calc(-4% \/ 2 );\"><div class=\"fusion-layout-column fusion_builder_column fusion-builder-column-2 fusion_builder_column_1_1 1_1 fusion-flex-column\" style=\"--awb-bg-size:cover;--awb-width-large:100%;--awb-margin-top-large:0px;--awb-spacing-right-large:1.92%;--awb-margin-bottom-large:20px;--awb-spacing-left-large:1.92%;--awb-width-medium:100%;--awb-order-medium:0;--awb-spacing-right-medium:1.92%;--awb-spacing-left-medium:1.92%;--awb-width-small:100%;--awb-order-small:1;--awb-spacing-right-small:1.92%;--awb-margin-bottom-small:0em;--awb-spacing-left-small:1.92%;\" data-scroll-devices=\"small-visibility,medium-visibility,large-visibility\"><div class=\"fusion-column-wrapper fusion-column-has-shadow fusion-flex-justify-content-flex-start fusion-content-layout-column\"><div class=\"fusion-text fusion-text-1\"><p>Als die Winklerstra\u00dfe in den 50er Jahren neu angelegt und die Wohnheime sowie der Gro\u00dfe H\u00f6rsaal gebaut wurden, war f\u00fcr den Platz neben dem Wohnheim Winklerstra\u00dfe 12 ein kleiner Park geplant. Ob er jemals entstand, kann heute nicht mehr nachvollzogen werden. Fest steht, dass in den Siebziger Jahren ein sogenanntes Assistentenwohnheim an dieser Stelle gebaut wurde. Wegen der damaligen Wohnungsknappheit hatte die Bergakademie ein solches Wohnheim gebaut, das fast ausschlie\u00dflich aus Ein-Raum-Wohnungen bestand. Hier konnten junge Mitarbeiter der Bergakademie einziehen und bis zu dem Zeitpunkt wohnen bleiben, bis sie eine Familie gegr\u00fcndet hatten bzw. eine andere Wohnung zugewiesen bekamen.<\/p>\n<p>Dieses Wohnheim wurde 2008 abgerissen. Nun stand die Frage, wof\u00fcr dieser Platz genutzt werden sollte. Das Grundst\u00fcck befand sich in Nutzung der TU Bergakademie Freiberg, Eigent\u00fcmer ist der Freistaat Sachsen.<\/p>\n<\/div><\/div><\/div><div class=\"fusion-layout-column fusion_builder_column fusion-builder-column-3 fusion_builder_column_1_2 1_2 fusion-flex-column\" style=\"--awb-bg-size:cover;--awb-width-large:50%;--awb-margin-top-large:0px;--awb-spacing-right-large:3.84%;--awb-margin-bottom-large:20px;--awb-spacing-left-large:3.84%;--awb-width-medium:50%;--awb-order-medium:0;--awb-spacing-right-medium:3.84%;--awb-spacing-left-medium:3.84%;--awb-width-small:100%;--awb-order-small:3;--awb-spacing-right-small:1.92%;--awb-margin-bottom-small:2em;--awb-spacing-left-small:1.92%;\" data-scroll-devices=\"small-visibility,medium-visibility,large-visibility\"><div class=\"fusion-column-wrapper fusion-column-has-shadow fusion-flex-justify-content-flex-start fusion-content-layout-column\"><div class=\"fusion-text fusion-text-2\"><p>Zeitgleich plante das Studentenwerk Freiberg die Erweiterung seiner bestehenden Kita. Bald jedoch stellte sich heraus, dass der Anbau viel zu klein und viel zu kostspielig werden w\u00fcrde. Zur dieser Zeit waren rund 50 Kinder auf der Warteliste unserer Kita. In Gespr\u00e4chen mit der Universit\u00e4t und der Stadt Freiberg zur Standortfrage einer neuen Kita kristallisierte sich der Bereich zwischen Winkler- und M\u00f6llerstra\u00dfe heraus. Das S\u00e4chsische Immobilien- und Baumanagement als Verwalter der Grundst\u00fccke des Freistaates Sachsen tat sein \u00dcbriges, um die Fl\u00e4che in Erbbaurecht des Studentenwerkes Freiberg \u00fcberzuf\u00fchren und am 01.06.2010, zum Kindertag, konnte mit dem Bau begonnen werden.<\/p>\n<p>Auch bei der Finanzierung des mit knapp 2 Mio. \u20ac veranschlagten Baues halfen und helfen alle mit. Den gr\u00f6\u00dften Brocken mit 1,2 Mio. \u20ac \u00fcbernahm dabei die Stadt Freiberg, die sp\u00e4ter auch f\u00fcr den Gro\u00dfteil der Betriebskosten aufkommen wird.<\/p>\n<\/div><\/div><\/div><div class=\"fusion-layout-column fusion_builder_column fusion-builder-column-4 fusion_builder_column_1_2 1_2 fusion-flex-column\" style=\"--awb-bg-size:cover;--awb-width-large:50%;--awb-margin-top-large:0px;--awb-spacing-right-large:3.84%;--awb-margin-bottom-large:20px;--awb-spacing-left-large:3.84%;--awb-width-medium:50%;--awb-order-medium:0;--awb-spacing-right-medium:3.84%;--awb-spacing-left-medium:3.84%;--awb-width-small:100%;--awb-order-small:2;--awb-spacing-right-small:1.92%;--awb-spacing-left-small:1.92%;\" data-scroll-devices=\"small-visibility,medium-visibility,large-visibility\"><div class=\"fusion-column-wrapper fusion-column-has-shadow fusion-flex-justify-content-flex-start fusion-content-layout-column\"><div class=\"fusion-image-element awb-imageframe-style awb-imageframe-style-below awb-imageframe-style-1\" style=\"--awb-caption-title-color:var(--awb-color6);--awb-caption-text-color:var(--awb-color6);--awb-caption-text-size:0.75em;--awb-caption-margin-top:15px;--awb-caption-title-font-family:var(--body_typography-font-family);--awb-caption-title-font-weight:var(--body_typography-font-weight);--awb-caption-title-font-style:var(--body_typography-font-style);--awb-caption-title-size:0.8em;--awb-caption-title-transform:var(--body_typography-text-transform);--awb-caption-title-line-height:var(--body_typography-line-height);--awb-caption-title-letter-spacing:var(--body_typography-letter-spacing);\"><span class=\"fusion-imageframe imageframe-none imageframe-1 hover-type-none\"><img decoding=\"async\" width=\"700\" height=\"466\" alt=\"Grundsteinlegung Kita Campuszwerge\" title=\"campuszwerge-historie\" src=\"https:\/\/www.kind-im-studium.de\/wp-content\/uploads\/sites\/3\/2025\/01\/campuszwerge-historie.jpg\" class=\"img-responsive wp-image-3235\" srcset=\"https:\/\/www.kind-im-studium.de\/wp-content\/uploads\/sites\/3\/2025\/01\/campuszwerge-historie-200x133.jpg 200w, https:\/\/www.kind-im-studium.de\/wp-content\/uploads\/sites\/3\/2025\/01\/campuszwerge-historie-400x266.jpg 400w, https:\/\/www.kind-im-studium.de\/wp-content\/uploads\/sites\/3\/2025\/01\/campuszwerge-historie-600x399.jpg 600w, https:\/\/www.kind-im-studium.de\/wp-content\/uploads\/sites\/3\/2025\/01\/campuszwerge-historie.jpg 700w\" sizes=\"(max-width: 640px) 100vw, 600px\" \/><\/span><div class=\"awb-imageframe-caption-container\"><div class=\"awb-imageframe-caption\"><div class=\"awb-imageframe-caption-title\">Grundsteinlegung \u00a9Detlev M\u00fcller<\/div><\/div><\/div><\/div><\/div><\/div><\/div><\/div><div class=\"fusion-fullwidth fullwidth-box fusion-builder-row-3 fusion-flex-container has-pattern-background has-mask-background nonhundred-percent-fullwidth non-hundred-percent-height-scrolling\" style=\"--awb-border-radius-top-left:0px;--awb-border-radius-top-right:0px;--awb-border-radius-bottom-right:0px;--awb-border-radius-bottom-left:0px;--awb-padding-top:2em;--awb-padding-bottom:2em;--awb-padding-bottom-small:0px;--awb-background-color:var(--awb-color2);--awb-flex-wrap:wrap;\" ><div class=\"fusion-builder-row fusion-row fusion-flex-align-items-flex-start fusion-flex-justify-content-space-between fusion-flex-content-wrap\" style=\"max-width:1248px;margin-left: calc(-4% \/ 2 );margin-right: calc(-4% \/ 2 );\"><div class=\"fusion-layout-column fusion_builder_column fusion-builder-column-5 fusion_builder_column_5_6 5_6 fusion-flex-column\" style=\"--awb-bg-size:cover;--awb-width-large:83.333333333333%;--awb-margin-top-large:0px;--awb-spacing-right-large:2.304%;--awb-margin-bottom-large:20px;--awb-spacing-left-large:2.304%;--awb-width-medium:100%;--awb-order-medium:0;--awb-spacing-right-medium:1.92%;--awb-spacing-left-medium:1.92%;--awb-width-small:100%;--awb-order-small:2;--awb-spacing-right-small:1.92%;--awb-margin-bottom-small:2em;--awb-spacing-left-small:1.92%;\"><div class=\"fusion-column-wrapper fusion-column-has-shadow fusion-flex-justify-content-flex-start fusion-content-layout-column\"><div class=\"fusion-title title fusion-title-2 fusion-sep-none fusion-title-text fusion-title-size-two\" style=\"--awb-text-color:var(--awb-color7);--awb-font-size:2em;\"><h2 class=\"fusion-title-heading title-heading-left fusion-responsive-typography-calculated\" style=\"margin:0;font-size:1em;--fontSize:36;line-height:var(--awb-typography1-line-height);\">Studentenwerk macht sich selbst ein Geschenk<\/h2><\/div><div class=\"fusion-text fusion-text-3\"><p>Die Kindertagesst\u00e4tte an der Winklerstra\u00dfe ist am 01.07.2011 er\u00f6ffnet worden &#8211; passend zum 20. Geburtstag des Studentenwerks.<\/p>\n<p><strong>Von Steffen Jankowski und Oliver Hach &#8211; Freie Presse Freiberg vom 02.07.2011:<\/strong><\/p>\n<p><em>Freiberg &#8211; Angesto\u00dfen wurde gestern gleich mehrfach beim Studentenwerk Freiberg. Den Anfang &#8211; allerdings mit Kindersekt &#8211; machten die J\u00fcngsten bei der Einweihung ihrer neuen Kindertagesst\u00e4tte an der Winklerstra\u00dfe. Anschlie\u00dfend feierte das Studentenwerk, das die Kita als freier Tr\u00e4ger betreibt, auch sein 20-j\u00e4hriges Bestehen.<\/em><\/p>\n<p><em>&#8222;Sch\u00f6n&#8220; &#8211; und das \u00fcberzeugt und lang gezogen &#8211; lautete gestern Kajas Urteil \u00fcber den Neubau. Die Dreij\u00e4hrige war am Morgen das erste Kind, das in die neue Einrichtung gegangen ist. Sie hatte sich gleich wohlgef\u00fchlt und beim Malen ausprobiert. Auch ihre Mutter D\u00f6rte Plate zeigte sich des Lobes voll. &#8222;Das Haus ist sehr hell und gro\u00dfz\u00fcgig gestaltet&#8220;, urteilte die \u00c4rztin.<\/em><br \/>\n<em>Wir haben aktuell drei Kindergarten- und f\u00fcnf Krippenkinder&#8220;, berichtete Kathrin Stebel. F\u00fcr diesen Monat seien insgesamt 18 M\u00e4dchen und Jungen angemeldet, sagt die Leiterin der neuen Kita weiter: &#8222;Ab September sind alle 60 Pl\u00e4tze belegt.&#8220;<\/em><br \/>\n<em>Markant f\u00fcr den farbenfrohen Flachbau an der Einm\u00fcndung der M\u00f6llerstra\u00dfe ist das Dach des Mehrzweckraums. Die eigenwillige Konstruktion sorgt f\u00fcr eine gute Akustik. Beim Programm der K\u00e4fergruppe vom Hornm\u00fchlenweg war das gestern hilfreich. Ihre N\u00fctzlichkeit im Spiele-Alltag bleibt abzuwarten.[&#8230;]<\/em><br \/>\n<em>Die Kinder der K\u00e4fergruppe freuten sich gestern \u00fcber die neue Kita des Studentenwerkes an der Winklerstra\u00dfe ebenso wie deren Leiterin Kathrin Stebel und Thomas Schmalz vom Studentenwerk Freiberg.<\/em><\/p>\n<\/div><\/div><\/div><\/div><\/div><\/p>","protected":false},"excerpt":{"rendered":"","protected":false},"author":1,"featured_media":0,"parent":45,"menu_order":5,"comment_status":"closed","ping_status":"closed","template":"100-width.php","meta":{"_acf_changed":false,"footnotes":""},"class_list":["post-57","page","type-page","status-publish","hentry"],"acf":[],"_links":{"self":[{"href":"https:\/\/www.kind-im-studium.de\/mn\/wp-json\/wp\/v2\/pages\/57","targetHints":{"allow":["GET"]}}],"collection":[{"href":"https:\/\/www.kind-im-studium.de\/mn\/wp-json\/wp\/v2\/pages"}],"about":[{"href":"https:\/\/www.kind-im-studium.de\/mn\/wp-json\/wp\/v2\/types\/page"}],"author":[{"embeddable":true,"href":"https:\/\/www.kind-im-studium.de\/mn\/wp-json\/wp\/v2\/users\/1"}],"replies":[{"embeddable":true,"href":"https:\/\/www.kind-im-studium.de\/mn\/wp-json\/wp\/v2\/comments?post=57"}],"version-history":[{"count":10,"href":"https:\/\/www.kind-im-studium.de\/mn\/wp-json\/wp\/v2\/pages\/57\/revisions"}],"predecessor-version":[{"id":3506,"href":"https:\/\/www.kind-im-studium.de\/mn\/wp-json\/wp\/v2\/pages\/57\/revisions\/3506"}],"up":[{"embeddable":true,"href":"https:\/\/www.kind-im-studium.de\/mn\/wp-json\/wp\/v2\/pages\/45"}],"wp:attachment":[{"href":"https:\/\/www.kind-im-studium.de\/mn\/wp-json\/wp\/v2\/media?parent=57"}],"curies":[{"name":"wp","href":"https:\/\/api.w.org\/{rel}","templated":true}]}}