{"id":49,"date":"2024-11-28T13:52:31","date_gmt":"2024-11-28T12:52:31","guid":{"rendered":"https:\/\/www.kind-im-studium.de\/?page_id=49"},"modified":"2025-09-03T15:11:10","modified_gmt":"2025-09-03T13:11:10","slug":"garten","status":"publish","type":"page","link":"https:\/\/www.kind-im-studium.de\/mn\/kinderbetreuung-in-freiberg\/kita-campuszwerge\/garten\/","title":{"rendered":"\u0426\u044d\u0446\u044d\u0440\u043b\u044d\u0433"},"content":{"rendered":"<p><div class=\"fusion-fullwidth fullwidth-box fusion-builder-row-1 fusion-flex-container has-pattern-background has-mask-background nonhundred-percent-fullwidth non-hundred-percent-height-scrolling\" style=\"--awb-border-radius-top-left:0px;--awb-border-radius-top-right:0px;--awb-border-radius-bottom-right:0px;--awb-border-radius-bottom-left:0px;--awb-background-color:#ffd988;--awb-flex-wrap:wrap;\" ><div class=\"fusion-builder-row fusion-row fusion-flex-align-items-flex-end fusion-flex-content-wrap\" style=\"max-width:1248px;margin-left: calc(-4% \/ 2 );margin-right: calc(-4% \/ 2 );\"><div class=\"fusion-layout-column fusion_builder_column fusion-builder-column-0 fusion_builder_column_3_4 3_4 fusion-flex-column fusion-flex-align-self-flex-end\" style=\"--awb-overflow:hidden;--awb-bg-size:cover;--awb-border-radius:5px 5px 0px 0px;--awb-width-large:75%;--awb-margin-top-large:2em;--awb-spacing-right-large:2.56%;--awb-margin-bottom-large:0px;--awb-spacing-left-large:2.56%;--awb-width-medium:75%;--awb-order-medium:0;--awb-spacing-right-medium:2.56%;--awb-spacing-left-medium:2.56%;--awb-width-small:100%;--awb-order-small:2;--awb-margin-top-small:2em;--awb-spacing-right-small:1.92%;--awb-spacing-left-small:1.92%;\" data-scroll-devices=\"small-visibility,medium-visibility,large-visibility\"><div class=\"fusion-column-wrapper fusion-column-has-shadow fusion-flex-justify-content-center fusion-content-layout-column\"><nav class=\"fusion-breadcrumbs fusion-breadcrumbs-1\" style=\"--awb-text-hover-color:#002536;--awb-breadcrumb-sep:&#039;\/&#039;;\" aria-label=\"Breadcrumb\"><ol class=\"awb-breadcrumb-list\"><\/ol><\/nav><div class=\"fusion-title title fusion-title-1 fusion-sep-none fusion-title-text fusion-title-size-one\" style=\"--awb-text-color:var(--awb-color8);--awb-margin-bottom:0px;--awb-margin-bottom-small:0px;--awb-font-size:2.8em;\"><h1 class=\"fusion-title-heading title-heading-left fusion-responsive-typography-calculated\" style=\"margin:0;font-size:1em;--fontSize:50.4;line-height:var(--awb-typography1-line-height);\">Garten der Kita Campus\u00adzwerge<\/h1><\/div><\/div><\/div><div class=\"fusion-layout-column fusion_builder_column fusion-builder-column-1 fusion_builder_column_1_1 1_1 fusion-flex-column\" style=\"--awb-bg-size:cover;--awb-width-large:100%;--awb-margin-top-large:-40px;--awb-spacing-right-large:1.92%;--awb-margin-bottom-large:0px;--awb-spacing-left-large:1.92%;--awb-width-medium:100%;--awb-order-medium:0;--awb-spacing-right-medium:1.92%;--awb-spacing-left-medium:1.92%;--awb-width-small:100%;--awb-order-small:3;--awb-spacing-right-small:1.92%;--awb-spacing-left-small:1.92%;\"><div class=\"fusion-column-wrapper fusion-column-has-shadow fusion-flex-justify-content-flex-start fusion-content-layout-column\"><div class=\"fusion-section-separator section-separator waves fusion-section-separator-1\" style=\"--awb-spacer-padding-top:inherit;--awb-svg-margin-left:1.92%;--awb-svg-margin-right:1.92%;--awb-svg-margin-left-medium:1.92%;--awb-svg-margin-right-medium:1.92%;--awb-svg-margin-left-small:1.92%;--awb-svg-margin-right-small:1.92%;--awb-divider-height:100px;--awb-spacer-height:100px;--awb-sep-font-size:0;--awb-sep-line-height:0;\"><div class=\"fusion-section-separator-svg\"><svg class=\"fusion-waves-candy\" xmlns=\"http:\/\/www.w3.org\/2000\/svg\" version=\"1.1\" width=\"100%\" viewbox=\"0 54 1024 162\" preserveaspectratio=\"none\" fill=\"rgba(255,255,255,1)\"><path class=\"st3\" d=\"M1024.1 54.368c-4 .2-8 .4-11.9.7-206.5 15.1-227.9 124.4-434.5 141.6-184.9 15.5-226.3-41.1-404.9-21.3-64 7.2-121.9 20.8-172.7 37.9v3.044h1024V54.368z\"\/><\/svg><\/div><div class=\"fusion-section-separator-spacer\"><div class=\"fusion-section-separator-spacer-height\"><\/div><\/div><\/div><\/div><\/div><\/div><\/div><div class=\"fusion-fullwidth fullwidth-box fusion-builder-row-2 fusion-flex-container has-pattern-background has-mask-background nonhundred-percent-fullwidth non-hundred-percent-height-scrolling\" style=\"--awb-border-radius-top-left:0px;--awb-border-radius-top-right:0px;--awb-border-radius-bottom-right:0px;--awb-border-radius-bottom-left:0px;--awb-padding-top:2em;--awb-padding-bottom:1em;--awb-padding-bottom-small:0px;--awb-flex-wrap:wrap;\" ><div class=\"fusion-builder-row fusion-row fusion-flex-align-items-flex-start fusion-flex-justify-content-space-between fusion-flex-content-wrap\" style=\"max-width:1248px;margin-left: calc(-4% \/ 2 );margin-right: calc(-4% \/ 2 );\"><div class=\"fusion-layout-column fusion_builder_column fusion-builder-column-2 fusion_builder_column_2_5 2_5 fusion-flex-column\" style=\"--awb-bg-size:cover;--awb-width-large:40%;--awb-margin-top-large:0px;--awb-spacing-right-large:4.8%;--awb-margin-bottom-large:20px;--awb-spacing-left-large:4.8%;--awb-width-medium:50%;--awb-order-medium:0;--awb-spacing-right-medium:3.84%;--awb-spacing-left-medium:3.84%;--awb-width-small:100%;--awb-order-small:2;--awb-margin-top-small:0em;--awb-spacing-right-small:1.92%;--awb-spacing-left-small:1.92%;\" data-scroll-devices=\"small-visibility,medium-visibility,large-visibility\"><div class=\"fusion-column-wrapper fusion-column-has-shadow fusion-flex-justify-content-flex-start fusion-content-layout-column\"><div class=\"fusion-text fusion-text-1\"><p>An die Kindertagesst\u00e4tte schlie\u00dft sich ein Garten an, welcher mit B\u00e4umen, Str\u00e4uchern sowie Hecken begr\u00fcnt ist und vielf\u00e4ltige Entdeckungsm\u00f6glichkeiten bietet.<\/p>\n<p>Mit Sandk\u00e4sten, einem Tunnel, Spielger\u00fcsten und Schaukeln l\u00e4dt das Au\u00dfengel\u00e4nde zum Spielen und Experimentieren ein.<\/p>\n<\/div><\/div><\/div><div class=\"fusion-layout-column fusion_builder_column fusion-builder-column-3 fusion_builder_column_1_2 1_2 fusion-flex-column fusion-flex-align-self-stretch\" style=\"--awb-bg-size:cover;--awb-width-large:50%;--awb-margin-top-large:0px;--awb-spacing-right-large:3.84%;--awb-margin-bottom-large:20px;--awb-spacing-left-large:3.84%;--awb-width-medium:50%;--awb-order-medium:0;--awb-spacing-right-medium:3.84%;--awb-spacing-left-medium:3.84%;--awb-width-small:100%;--awb-order-small:1;--awb-spacing-right-small:1.92%;--awb-margin-bottom-small:0em;--awb-spacing-left-small:1.92%;\" data-scroll-devices=\"small-visibility,medium-visibility,large-visibility\"><div class=\"fusion-column-wrapper fusion-column-has-shadow fusion-flex-justify-content-center fusion-content-layout-column\"><div class=\"fusion-image-carousel fusion-image-carousel-auto fusion-image-carousel-1 lightbox-enabled awb-image-carousel-top-below-caption\"><div class=\"awb-carousel awb-swiper awb-swiper-carousel awb-swiper-dots-position-bottom awb-carousel--carousel awb-imageframe-style awb-imageframe-style-below awb-imageframe-style-1\" data-layout=\"carousel\" data-autoplay=\"yes\" data-autoplayspeed=\"2500\" data-autoplaypause=\"no\" data-columns=\"1\" data-itemmargin=\"13\" data-itemwidth=\"180\" data-touchscroll=\"no\" data-freemode=\"no\" data-imagesize=\"auto\" data-scrollitems=\"0\" data-centeredslides=\"no\" data-rotationangle=\"50\" data-depth=\"100\" data-speed=\"500\" data-shadow=\"no\" style=\"--awb-columns:1;--awb-caption-title-color:var(--awb-color6);--awb-caption-title-size:0.8em;--awb-caption-text-color:var(--awb-color6);--awb-caption-text-size:0.75em;--awb-caption-margin-top:15px;--awb-dots-align:center;\"><div class=\"swiper-wrapper awb-image-carousel-wrapper fusion-flex-align-items-center\"><div class=\"swiper-slide\"><div class=\"fusion-carousel-item-wrapper\"><div class=\"fusion-image-wrapper hover-type-zoomin\"><a data-rel=\"iLightbox[image_carousel_1]\" data-title=\"campuszwerge-garten\" aria-label=\"campuszwerge-garten\" href=\"https:\/\/www.kind-im-studium.de\/wp-content\/uploads\/sites\/3\/2025\/01\/campuszwerge-garten.jpg\" target=\"_self\"><img decoding=\"async\" width=\"480\" height=\"360\" src=\"https:\/\/www.kind-im-studium.de\/wp-content\/uploads\/sites\/3\/2025\/01\/campuszwerge-garten.jpg\" class=\"attachment-full size-full\" alt=\"Garten der Kita Campuszwerge\" srcset=\"https:\/\/www.kind-im-studium.de\/wp-content\/uploads\/sites\/3\/2025\/01\/campuszwerge-garten-200x150.jpg 200w, https:\/\/www.kind-im-studium.de\/wp-content\/uploads\/sites\/3\/2025\/01\/campuszwerge-garten-300x225.jpg 300w, https:\/\/www.kind-im-studium.de\/wp-content\/uploads\/sites\/3\/2025\/01\/campuszwerge-garten-400x300.jpg 400w, https:\/\/www.kind-im-studium.de\/wp-content\/uploads\/sites\/3\/2025\/01\/campuszwerge-garten.jpg 480w\" sizes=\"(max-width: 480px) 100vw, 480px\" \/><\/a><\/div><div class=\"awb-imageframe-caption-container\"><div class=\"awb-imageframe-caption\"><div class=\"awb-imageframe-caption-title\">Gartenbereich mit Tunnel f\u00fcr die Gro\u00dfen<\/div><\/div><\/div><\/div><\/div><div class=\"swiper-slide\"><div class=\"fusion-carousel-item-wrapper\"><div class=\"fusion-image-wrapper hover-type-zoomin\"><a data-rel=\"iLightbox[image_carousel_1]\" data-title=\"campuszwerge-garten-krippe1\" aria-label=\"campuszwerge-garten-krippe1\" href=\"https:\/\/www.kind-im-studium.de\/wp-content\/uploads\/sites\/3\/2025\/01\/campuszwerge-garten-krippe1.jpg\" target=\"_self\"><img decoding=\"async\" width=\"480\" height=\"360\" src=\"https:\/\/www.kind-im-studium.de\/wp-content\/uploads\/sites\/3\/2025\/01\/campuszwerge-garten-krippe1.jpg\" class=\"attachment-full size-full\" alt=\"Garten des Krippenbereichs der Kita Campuszwerge\" srcset=\"https:\/\/www.kind-im-studium.de\/wp-content\/uploads\/sites\/3\/2025\/01\/campuszwerge-garten-krippe1-200x150.jpg 200w, https:\/\/www.kind-im-studium.de\/wp-content\/uploads\/sites\/3\/2025\/01\/campuszwerge-garten-krippe1-300x225.jpg 300w, https:\/\/www.kind-im-studium.de\/wp-content\/uploads\/sites\/3\/2025\/01\/campuszwerge-garten-krippe1-400x300.jpg 400w, https:\/\/www.kind-im-studium.de\/wp-content\/uploads\/sites\/3\/2025\/01\/campuszwerge-garten-krippe1.jpg 480w\" sizes=\"(max-width: 480px) 100vw, 480px\" \/><\/a><\/div><div class=\"awb-imageframe-caption-container\"><div class=\"awb-imageframe-caption\"><div class=\"awb-imageframe-caption-title\">Gartenbereich f\u00fcr die Kleinen<\/div><\/div><\/div><\/div><\/div><div class=\"swiper-slide\"><div class=\"fusion-carousel-item-wrapper\"><div class=\"fusion-image-wrapper hover-type-zoomin\"><a data-rel=\"iLightbox[image_carousel_1]\" data-title=\"campuszwerge-garten-krippe4\" aria-label=\"campuszwerge-garten-krippe4\" href=\"https:\/\/www.kind-im-studium.de\/wp-content\/uploads\/sites\/3\/2025\/01\/campuszwerge-garten-krippe4.jpg\" target=\"_self\"><img decoding=\"async\" width=\"480\" height=\"360\" src=\"https:\/\/www.kind-im-studium.de\/wp-content\/uploads\/sites\/3\/2025\/01\/campuszwerge-garten-krippe4.jpg\" class=\"attachment-full size-full\" alt=\"Garten des Krippenbereichs der Kita Campuszwerge\" srcset=\"https:\/\/www.kind-im-studium.de\/wp-content\/uploads\/sites\/3\/2025\/01\/campuszwerge-garten-krippe4-200x150.jpg 200w, https:\/\/www.kind-im-studium.de\/wp-content\/uploads\/sites\/3\/2025\/01\/campuszwerge-garten-krippe4-300x225.jpg 300w, https:\/\/www.kind-im-studium.de\/wp-content\/uploads\/sites\/3\/2025\/01\/campuszwerge-garten-krippe4-400x300.jpg 400w, https:\/\/www.kind-im-studium.de\/wp-content\/uploads\/sites\/3\/2025\/01\/campuszwerge-garten-krippe4.jpg 480w\" sizes=\"(max-width: 480px) 100vw, 480px\" \/><\/a><\/div><div class=\"awb-imageframe-caption-container\"><div class=\"awb-imageframe-caption\"><div class=\"awb-imageframe-caption-title\">Gartenbereich f\u00fcr die Kleinen<\/div><\/div><\/div><\/div><\/div><div class=\"swiper-slide\"><div class=\"fusion-carousel-item-wrapper\"><div class=\"fusion-image-wrapper hover-type-zoomin\"><a data-rel=\"iLightbox[image_carousel_1]\" data-title=\"campuszwerge-garten-krippe2\" aria-label=\"campuszwerge-garten-krippe2\" href=\"https:\/\/www.kind-im-studium.de\/wp-content\/uploads\/sites\/3\/2025\/01\/campuszwerge-garten-krippe2.jpg\" target=\"_self\"><img decoding=\"async\" width=\"480\" height=\"360\" src=\"https:\/\/www.kind-im-studium.de\/wp-content\/uploads\/sites\/3\/2025\/01\/campuszwerge-garten-krippe2.jpg\" class=\"attachment-full size-full\" alt=\"Garten des Krippenbereichs der Kita Campuszwerge\" srcset=\"https:\/\/www.kind-im-studium.de\/wp-content\/uploads\/sites\/3\/2025\/01\/campuszwerge-garten-krippe2-200x150.jpg 200w, https:\/\/www.kind-im-studium.de\/wp-content\/uploads\/sites\/3\/2025\/01\/campuszwerge-garten-krippe2-300x225.jpg 300w, https:\/\/www.kind-im-studium.de\/wp-content\/uploads\/sites\/3\/2025\/01\/campuszwerge-garten-krippe2-400x300.jpg 400w, https:\/\/www.kind-im-studium.de\/wp-content\/uploads\/sites\/3\/2025\/01\/campuszwerge-garten-krippe2.jpg 480w\" sizes=\"(max-width: 480px) 100vw, 480px\" \/><\/a><\/div><div class=\"awb-imageframe-caption-container\"><div class=\"awb-imageframe-caption\"><div class=\"awb-imageframe-caption-title\">Gartenbereich f\u00fcr die Kleinen<\/div><\/div><\/div><\/div><\/div><div class=\"swiper-slide\"><div class=\"fusion-carousel-item-wrapper\"><div class=\"fusion-image-wrapper hover-type-zoomin\"><a data-rel=\"iLightbox[image_carousel_1]\" data-title=\"campuszwerge-konzept\" aria-label=\"campuszwerge-konzept\" href=\"https:\/\/www.kind-im-studium.de\/wp-content\/uploads\/sites\/3\/2025\/01\/campuszwerge-konzept.jpg\" target=\"_self\"><img decoding=\"async\" width=\"700\" height=\"467\" src=\"https:\/\/www.kind-im-studium.de\/wp-content\/uploads\/sites\/3\/2025\/01\/campuszwerge-konzept.jpg\" class=\"attachment-full size-full\" alt=\"Kinder spielen im Herbst mit Bl\u00e4ttern\" srcset=\"https:\/\/www.kind-im-studium.de\/wp-content\/uploads\/sites\/3\/2025\/01\/campuszwerge-konzept-200x133.jpg 200w, https:\/\/www.kind-im-studium.de\/wp-content\/uploads\/sites\/3\/2025\/01\/campuszwerge-konzept-300x200.jpg 300w, https:\/\/www.kind-im-studium.de\/wp-content\/uploads\/sites\/3\/2025\/01\/campuszwerge-konzept-400x267.jpg 400w, https:\/\/www.kind-im-studium.de\/wp-content\/uploads\/sites\/3\/2025\/01\/campuszwerge-konzept-600x400.jpg 600w, https:\/\/www.kind-im-studium.de\/wp-content\/uploads\/sites\/3\/2025\/01\/campuszwerge-konzept.jpg 700w\" sizes=\"(max-width: 700px) 100vw, 700px\" \/><\/a><\/div><div class=\"awb-imageframe-caption-container\"><div class=\"awb-imageframe-caption\"><div class=\"awb-imageframe-caption-title\">Spielen im gro\u00dfen Garten<\/div><\/div><\/div><\/div><\/div><div class=\"swiper-slide\"><div class=\"fusion-carousel-item-wrapper\"><div class=\"fusion-image-wrapper hover-type-zoomin\"><a data-rel=\"iLightbox[image_carousel_1]\" data-title=\"Fasssauna\" aria-label=\"Fasssauna\" href=\"https:\/\/www.kind-im-studium.de\/wp-content\/uploads\/sites\/3\/2025\/09\/Fasssauna-Webseite-300x218.png\" target=\"_self\"><img decoding=\"async\" width=\"2560\" height=\"1857\" src=\"https:\/\/www.kind-im-studium.de\/wp-content\/uploads\/sites\/3\/2025\/09\/Fasssauna-Webseite-scaled.png\" class=\"attachment-full size-full\" alt=\"\" srcset=\"https:\/\/www.kind-im-studium.de\/wp-content\/uploads\/sites\/3\/2025\/09\/Fasssauna-Webseite-18x12.png 18w, https:\/\/www.kind-im-studium.de\/wp-content\/uploads\/sites\/3\/2025\/09\/Fasssauna-Webseite-200x145.png 200w, https:\/\/www.kind-im-studium.de\/wp-content\/uploads\/sites\/3\/2025\/09\/Fasssauna-Webseite-300x218.png 300w, https:\/\/www.kind-im-studium.de\/wp-content\/uploads\/sites\/3\/2025\/09\/Fasssauna-Webseite-400x290.png 400w, https:\/\/www.kind-im-studium.de\/wp-content\/uploads\/sites\/3\/2025\/09\/Fasssauna-Webseite-600x435.png 600w, https:\/\/www.kind-im-studium.de\/wp-content\/uploads\/sites\/3\/2025\/09\/Fasssauna-Webseite-768x557.png 768w, https:\/\/www.kind-im-studium.de\/wp-content\/uploads\/sites\/3\/2025\/09\/Fasssauna-Webseite-800x580.png 800w, https:\/\/www.kind-im-studium.de\/wp-content\/uploads\/sites\/3\/2025\/09\/Fasssauna-Webseite-1024x743.png 1024w, https:\/\/www.kind-im-studium.de\/wp-content\/uploads\/sites\/3\/2025\/09\/Fasssauna-Webseite-1200x870.png 1200w, https:\/\/www.kind-im-studium.de\/wp-content\/uploads\/sites\/3\/2025\/09\/Fasssauna-Webseite-1536x1114.png 1536w, https:\/\/www.kind-im-studium.de\/wp-content\/uploads\/sites\/3\/2025\/09\/Fasssauna-Webseite-scaled.png 2560w\" sizes=\"(max-width: 2560px) 100vw, 2560px\" \/><\/a><\/div><div class=\"awb-imageframe-caption-container\"><div class=\"awb-imageframe-caption\"><div class=\"awb-imageframe-caption-title\">Fasssauna<\/div><\/div><\/div><\/div><\/div><\/div><div class=\"awb-swiper-button awb-swiper-button-prev\"><i class=\"awb-icon-angle-left\" aria-hidden=\"true\"><\/i><\/div><div class=\"awb-swiper-button awb-swiper-button-next\"><i class=\"awb-icon-angle-right\" aria-hidden=\"true\"><\/i><\/div><\/div><\/div><\/div><\/div><\/div><\/div><\/p>","protected":false},"excerpt":{"rendered":"","protected":false},"author":1,"featured_media":0,"parent":45,"menu_order":1,"comment_status":"closed","ping_status":"closed","template":"100-width.php","meta":{"_acf_changed":false,"footnotes":""},"class_list":["post-49","page","type-page","status-publish","hentry"],"acf":[],"_links":{"self":[{"href":"https:\/\/www.kind-im-studium.de\/mn\/wp-json\/wp\/v2\/pages\/49","targetHints":{"allow":["GET"]}}],"collection":[{"href":"https:\/\/www.kind-im-studium.de\/mn\/wp-json\/wp\/v2\/pages"}],"about":[{"href":"https:\/\/www.kind-im-studium.de\/mn\/wp-json\/wp\/v2\/types\/page"}],"author":[{"embeddable":true,"href":"https:\/\/www.kind-im-studium.de\/mn\/wp-json\/wp\/v2\/users\/1"}],"replies":[{"embeddable":true,"href":"https:\/\/www.kind-im-studium.de\/mn\/wp-json\/wp\/v2\/comments?post=49"}],"version-history":[{"count":11,"href":"https:\/\/www.kind-im-studium.de\/mn\/wp-json\/wp\/v2\/pages\/49\/revisions"}],"predecessor-version":[{"id":4385,"href":"https:\/\/www.kind-im-studium.de\/mn\/wp-json\/wp\/v2\/pages\/49\/revisions\/4385"}],"up":[{"embeddable":true,"href":"https:\/\/www.kind-im-studium.de\/mn\/wp-json\/wp\/v2\/pages\/45"}],"wp:attachment":[{"href":"https:\/\/www.kind-im-studium.de\/mn\/wp-json\/wp\/v2\/media?parent=49"}],"curies":[{"name":"wp","href":"https:\/\/api.w.org\/{rel}","templated":true}]}}