{"id":12,"date":"2024-11-28T13:29:52","date_gmt":"2024-11-28T12:29:52","guid":{"rendered":"https:\/\/www.kind-im-studium.de\/?page_id=12"},"modified":"2025-01-17T12:56:04","modified_gmt":"2025-01-17T11:56:04","slug":"transparenzregister","status":"publish","type":"page","link":"https:\/\/www.kind-im-studium.de\/mn\/transparenzregister\/","title":{"rendered":"\u0418\u043b \u0442\u043e\u0434 \u0431\u0430\u0439\u0434\u043b\u044b\u043d \u0431\u04af\u0440\u0442\u0433\u044d\u043b"},"content":{"rendered":"<p><div class=\"fusion-fullwidth fullwidth-box fusion-builder-row-1 fusion-flex-container has-pattern-background has-mask-background nonhundred-percent-fullwidth non-hundred-percent-height-scrolling\" style=\"--awb-border-radius-top-left:0px;--awb-border-radius-top-right:0px;--awb-border-radius-bottom-right:0px;--awb-border-radius-bottom-left:0px;--awb-background-color:#ffd988;--awb-flex-wrap:wrap;\" ><div class=\"fusion-builder-row fusion-row fusion-flex-align-items-flex-end fusion-flex-content-wrap\" style=\"max-width:1248px;margin-left: calc(-4% \/ 2 );margin-right: calc(-4% \/ 2 );\"><div class=\"fusion-layout-column fusion_builder_column fusion-builder-column-0 fusion_builder_column_3_4 3_4 fusion-flex-column fusion-flex-align-self-flex-end\" style=\"--awb-overflow:hidden;--awb-bg-size:cover;--awb-border-radius:5px 5px 0px 0px;--awb-width-large:75%;--awb-margin-top-large:2em;--awb-spacing-right-large:2.56%;--awb-margin-bottom-large:0px;--awb-spacing-left-large:2.56%;--awb-width-medium:75%;--awb-order-medium:0;--awb-spacing-right-medium:2.56%;--awb-spacing-left-medium:2.56%;--awb-width-small:100%;--awb-order-small:2;--awb-margin-top-small:2em;--awb-spacing-right-small:1.92%;--awb-spacing-left-small:1.92%;\" data-scroll-devices=\"small-visibility,medium-visibility,large-visibility\"><div class=\"fusion-column-wrapper fusion-column-has-shadow fusion-flex-justify-content-center fusion-content-layout-column\"><nav class=\"fusion-breadcrumbs fusion-breadcrumbs-1\" style=\"--awb-text-hover-color:#002536;--awb-breadcrumb-sep:&#039;\/&#039;;\" aria-label=\"Breadcrumb\"><ol class=\"awb-breadcrumb-list\"><\/ol><\/nav><div class=\"fusion-title title fusion-title-1 fusion-sep-none fusion-title-text fusion-title-size-one\" style=\"--awb-text-color:var(--awb-color8);--awb-margin-bottom:0px;--awb-margin-bottom-small:0px;--awb-font-size:2.8em;\"><h1 class=\"fusion-title-heading title-heading-left fusion-responsive-typography-calculated\" style=\"margin:0;font-size:1em;--fontSize:50.4;line-height:var(--awb-typography1-line-height);\">Transparenz\u00adregister<\/h1><\/div><\/div><\/div><div class=\"fusion-layout-column fusion_builder_column fusion-builder-column-1 fusion_builder_column_1_1 1_1 fusion-flex-column\" style=\"--awb-bg-size:cover;--awb-width-large:100%;--awb-margin-top-large:-40px;--awb-spacing-right-large:1.92%;--awb-margin-bottom-large:0px;--awb-spacing-left-large:1.92%;--awb-width-medium:100%;--awb-order-medium:0;--awb-spacing-right-medium:1.92%;--awb-spacing-left-medium:1.92%;--awb-width-small:100%;--awb-order-small:3;--awb-spacing-right-small:1.92%;--awb-spacing-left-small:1.92%;\"><div class=\"fusion-column-wrapper fusion-column-has-shadow fusion-flex-justify-content-flex-start fusion-content-layout-column\"><div class=\"fusion-section-separator section-separator waves fusion-section-separator-1\" style=\"--awb-spacer-padding-top:inherit;--awb-svg-margin-left:1.92%;--awb-svg-margin-right:1.92%;--awb-svg-margin-left-medium:1.92%;--awb-svg-margin-right-medium:1.92%;--awb-svg-margin-left-small:1.92%;--awb-svg-margin-right-small:1.92%;--awb-divider-height:100px;--awb-spacer-height:100px;--awb-sep-font-size:0;--awb-sep-line-height:0;\"><div class=\"fusion-section-separator-svg\"><svg class=\"fusion-waves-candy\" xmlns=\"http:\/\/www.w3.org\/2000\/svg\" version=\"1.1\" width=\"100%\" viewbox=\"0 54 1024 162\" preserveaspectratio=\"none\" fill=\"rgba(255,255,255,1)\"><path class=\"st3\" d=\"M1024.1 54.368c-4 .2-8 .4-11.9.7-206.5 15.1-227.9 124.4-434.5 141.6-184.9 15.5-226.3-41.1-404.9-21.3-64 7.2-121.9 20.8-172.7 37.9v3.044h1024V54.368z\"\/><\/svg><\/div><div class=\"fusion-section-separator-spacer\"><div class=\"fusion-section-separator-spacer-height\"><\/div><\/div><\/div><\/div><\/div><\/div><\/div><div class=\"fusion-fullwidth fullwidth-box fusion-builder-row-2 fusion-flex-container has-pattern-background has-mask-background nonhundred-percent-fullwidth non-hundred-percent-height-scrolling\" style=\"--awb-border-radius-top-left:0px;--awb-border-radius-top-right:0px;--awb-border-radius-bottom-right:0px;--awb-border-radius-bottom-left:0px;--awb-padding-top:2em;--awb-padding-bottom:1.5em;--awb-padding-bottom-small:0px;--awb-flex-wrap:wrap;\" ><div class=\"fusion-builder-row fusion-row fusion-flex-align-items-flex-start fusion-flex-justify-content-space-between fusion-flex-content-wrap\" style=\"max-width:1248px;margin-left: calc(-4% \/ 2 );margin-right: calc(-4% \/ 2 );\"><div class=\"fusion-layout-column fusion_builder_column fusion-builder-column-2 fusion_builder_column_5_6 5_6 fusion-flex-column\" style=\"--awb-bg-size:cover;--awb-width-large:83.333333333333%;--awb-margin-top-large:0px;--awb-spacing-right-large:2.304%;--awb-margin-bottom-large:20px;--awb-spacing-left-large:2.304%;--awb-width-medium:100%;--awb-order-medium:0;--awb-spacing-right-medium:1.92%;--awb-spacing-left-medium:1.92%;--awb-width-small:100%;--awb-order-small:2;--awb-spacing-right-small:1.92%;--awb-margin-bottom-small:2em;--awb-spacing-left-small:1.92%;\"><div class=\"fusion-column-wrapper fusion-column-has-shadow fusion-flex-justify-content-flex-start fusion-content-layout-column\"><div class=\"fusion-text fusion-text-1\"><p>Wir weisen darauf hin, dass der S\u00e4chsische Landtag am 13. Juli 2022 das Gesetz \u00fcber die Transparenz von Informationen im Freistaat Sachsen (<a href=\"https:\/\/www.revosax.sachsen.de\/vorschrift\/19699\" target=\"_blank\" rel=\"noopener\">S\u00e4chsisches Transparenzgesetz \u2013 S\u00e4chsTranspG<\/a>) beschlossen hat, welches am 01. Januar 2023 in Kraft getreten ist. Nach \u00a7 1 dieses Gesetzes hat jede Person einen Anspruch gegen transparenzpflichtige Stellen auf Ver\u00f6ffentlichung der in \u00a7 8 des Gesetzes genannten Informationen und auf Zugang zu Informationen, soweit keine Ausnahme gilt (Transparenzanspruch).<\/p>\n<p>Sobald die S\u00e4chsische Transparenzplattform im Internet errichtet ist, sp\u00e4testens ab 1. Januar 2026, werden transparenzpflichtige Stellen zus\u00e4tzlich verpflichtet sein, die in \u00a7 8 des S\u00e4chsischen Transparenzgesetzes genannten Informationen auf dieser Plattform zu ver\u00f6ffentlichen.<\/p>\n<p>Etwaige Antr\u00e4ge auf Zugang zu Informationen nach dem Transparenzgesetz richten Sie bitte an <a href=\"mailto:transparenz@swf.tu-freiberg.de\">transparenz@swf.tu-freiberg.de<\/a>.<\/p>\n<\/div><\/div><\/div><\/div><\/div><\/p>","protected":false},"excerpt":{"rendered":"","protected":false},"author":1,"featured_media":0,"parent":0,"menu_order":3,"comment_status":"closed","ping_status":"closed","template":"100-width.php","meta":{"_acf_changed":false,"footnotes":""},"class_list":["post-12","page","type-page","status-publish","hentry"],"acf":[],"_links":{"self":[{"href":"https:\/\/www.kind-im-studium.de\/mn\/wp-json\/wp\/v2\/pages\/12","targetHints":{"allow":["GET"]}}],"collection":[{"href":"https:\/\/www.kind-im-studium.de\/mn\/wp-json\/wp\/v2\/pages"}],"about":[{"href":"https:\/\/www.kind-im-studium.de\/mn\/wp-json\/wp\/v2\/types\/page"}],"author":[{"embeddable":true,"href":"https:\/\/www.kind-im-studium.de\/mn\/wp-json\/wp\/v2\/users\/1"}],"replies":[{"embeddable":true,"href":"https:\/\/www.kind-im-studium.de\/mn\/wp-json\/wp\/v2\/comments?post=12"}],"version-history":[{"count":4,"href":"https:\/\/www.kind-im-studium.de\/mn\/wp-json\/wp\/v2\/pages\/12\/revisions"}],"predecessor-version":[{"id":3357,"href":"https:\/\/www.kind-im-studium.de\/mn\/wp-json\/wp\/v2\/pages\/12\/revisions\/3357"}],"wp:attachment":[{"href":"https:\/\/www.kind-im-studium.de\/mn\/wp-json\/wp\/v2\/media?parent=12"}],"curies":[{"name":"wp","href":"https:\/\/api.w.org\/{rel}","templated":true}]}}