{"id":57,"date":"2024-11-28T13:53:39","date_gmt":"2024-11-28T12:53:39","guid":{"rendered":"https:\/\/www.kind-im-studium.de\/?page_id=57"},"modified":"2025-01-21T10:27:15","modified_gmt":"2025-01-21T09:27:15","slug":"historie","status":"publish","type":"page","link":"https:\/\/www.kind-im-studium.de\/fr\/kinderbetreuung-in-freiberg\/kita-campuszwerge\/historie\/","title":{"rendered":"Historique"},"content":{"rendered":"<p><div class=\"fusion-fullwidth fullwidth-box fusion-builder-row-1 fusion-flex-container has-pattern-background has-mask-background nonhundred-percent-fullwidth non-hundred-percent-height-scrolling\" style=\"--awb-border-radius-top-left:0px;--awb-border-radius-top-right:0px;--awb-border-radius-bottom-right:0px;--awb-border-radius-bottom-left:0px;--awb-background-color:#ffd988;--awb-flex-wrap:wrap;\" ><div class=\"fusion-builder-row fusion-row fusion-flex-align-items-flex-end fusion-flex-content-wrap\" style=\"max-width:1248px;margin-left: calc(-4% \/ 2 );margin-right: calc(-4% \/ 2 );\"><div class=\"fusion-layout-column fusion_builder_column fusion-builder-column-0 fusion_builder_column_3_4 3_4 fusion-flex-column fusion-flex-align-self-flex-end\" style=\"--awb-overflow:hidden;--awb-bg-size:cover;--awb-border-radius:5px 5px 0px 0px;--awb-width-large:75%;--awb-margin-top-large:2em;--awb-spacing-right-large:2.56%;--awb-margin-bottom-large:0px;--awb-spacing-left-large:2.56%;--awb-width-medium:75%;--awb-order-medium:0;--awb-spacing-right-medium:2.56%;--awb-spacing-left-medium:2.56%;--awb-width-small:100%;--awb-order-small:2;--awb-margin-top-small:2em;--awb-spacing-right-small:1.92%;--awb-spacing-left-small:1.92%;\" data-scroll-devices=\"small-visibility,medium-visibility,large-visibility\"><div class=\"fusion-column-wrapper fusion-column-has-shadow fusion-flex-justify-content-center fusion-content-layout-column\"><nav class=\"fusion-breadcrumbs fusion-breadcrumbs-1\" style=\"--awb-text-hover-color:#002536;--awb-breadcrumb-sep:&#039;\/&#039;;\" aria-label=\"Fil d&#039;Ariane\"><ol class=\"awb-breadcrumb-list\"><\/ol><\/nav><div class=\"fusion-title title fusion-title-1 fusion-sep-none fusion-title-text fusion-title-size-one\" style=\"--awb-text-color:var(--awb-color8);--awb-margin-bottom:0px;--awb-margin-bottom-small:0px;--awb-font-size:2.8em;\"><h1 class=\"fusion-title-heading title-heading-left fusion-responsive-typography-calculated\" style=\"margin:0;font-size:1em;--fontSize:50.4;line-height:var(--awb-typography1-line-height);\">Histoire de la cr\u00e8che Campuszwerge<\/h1><\/div><\/div><\/div><div class=\"fusion-layout-column fusion_builder_column fusion-builder-column-1 fusion_builder_column_1_1 1_1 fusion-flex-column\" style=\"--awb-bg-size:cover;--awb-width-large:100%;--awb-margin-top-large:-40px;--awb-spacing-right-large:1.92%;--awb-margin-bottom-large:0px;--awb-spacing-left-large:1.92%;--awb-width-medium:100%;--awb-order-medium:0;--awb-spacing-right-medium:1.92%;--awb-spacing-left-medium:1.92%;--awb-width-small:100%;--awb-order-small:3;--awb-spacing-right-small:1.92%;--awb-spacing-left-small:1.92%;\"><div class=\"fusion-column-wrapper fusion-column-has-shadow fusion-flex-justify-content-flex-start fusion-content-layout-column\"><div class=\"fusion-section-separator section-separator waves fusion-section-separator-1\" style=\"--awb-spacer-padding-top:inherit;--awb-svg-margin-left:1.92%;--awb-svg-margin-right:1.92%;--awb-svg-margin-left-medium:1.92%;--awb-svg-margin-right-medium:1.92%;--awb-svg-margin-left-small:1.92%;--awb-svg-margin-right-small:1.92%;--awb-divider-height:100px;--awb-spacer-height:100px;--awb-sep-font-size:0;--awb-sep-line-height:0;\"><div class=\"fusion-section-separator-svg\"><svg class=\"fusion-waves-candy\" xmlns=\"http:\/\/www.w3.org\/2000\/svg\" version=\"1.1\" width=\"100%\" viewbox=\"0 54 1024 162\" preserveaspectratio=\"none\" fill=\"rgba(255,255,255,1)\"><path class=\"st3\" d=\"M1024.1 54.368c-4 .2-8 .4-11.9.7-206.5 15.1-227.9 124.4-434.5 141.6-184.9 15.5-226.3-41.1-404.9-21.3-64 7.2-121.9 20.8-172.7 37.9v3.044h1024V54.368z\"\/><\/svg><\/div><div class=\"fusion-section-separator-spacer\"><div class=\"fusion-section-separator-spacer-height\"><\/div><\/div><\/div><\/div><\/div><\/div><\/div><div class=\"fusion-fullwidth fullwidth-box fusion-builder-row-2 fusion-flex-container has-pattern-background has-mask-background nonhundred-percent-fullwidth non-hundred-percent-height-scrolling\" style=\"--awb-border-radius-top-left:0px;--awb-border-radius-top-right:0px;--awb-border-radius-bottom-right:0px;--awb-border-radius-bottom-left:0px;--awb-padding-top:1em;--awb-padding-bottom:1em;--awb-padding-bottom-small:0px;--awb-flex-wrap:wrap;\" ><div class=\"fusion-builder-row fusion-row fusion-flex-align-items-flex-start fusion-flex-justify-content-space-between fusion-flex-content-wrap\" style=\"max-width:1248px;margin-left: calc(-4% \/ 2 );margin-right: calc(-4% \/ 2 );\"><div class=\"fusion-layout-column fusion_builder_column fusion-builder-column-2 fusion_builder_column_1_1 1_1 fusion-flex-column\" style=\"--awb-bg-size:cover;--awb-width-large:100%;--awb-margin-top-large:0px;--awb-spacing-right-large:1.92%;--awb-margin-bottom-large:20px;--awb-spacing-left-large:1.92%;--awb-width-medium:100%;--awb-order-medium:0;--awb-spacing-right-medium:1.92%;--awb-spacing-left-medium:1.92%;--awb-width-small:100%;--awb-order-small:1;--awb-spacing-right-small:1.92%;--awb-margin-bottom-small:0em;--awb-spacing-left-small:1.92%;\" data-scroll-devices=\"small-visibility,medium-visibility,large-visibility\"><div class=\"fusion-column-wrapper fusion-column-has-shadow fusion-flex-justify-content-flex-start fusion-content-layout-column\"><div class=\"fusion-text fusion-text-1\"><p>Lorsque la Winklerstra\u00dfe a \u00e9t\u00e9 r\u00e9am\u00e9nag\u00e9e dans les ann\u00e9es 50 et que les r\u00e9sidences universitaires et le grand amphith\u00e9\u00e2tre ont \u00e9t\u00e9 construits, un petit parc \u00e9tait pr\u00e9vu pour la place \u00e0 c\u00f4t\u00e9 de la r\u00e9sidence universitaire Winklerstra\u00dfe 12. Il n'est plus possible de savoir aujourd'hui s'il a vu le jour. Ce qui est s\u00fbr, c'est qu'une r\u00e9sidence pour assistants a \u00e9t\u00e9 construite \u00e0 cet endroit dans les ann\u00e9es 70. En raison de la p\u00e9nurie de logements de l'\u00e9poque, l'Acad\u00e9mie des mines avait construit une telle r\u00e9sidence, compos\u00e9e presque exclusivement d'appartements d'une seule pi\u00e8ce. Les jeunes collaborateurs de l'Acad\u00e9mie des mines pouvaient y emm\u00e9nager et y rester jusqu'\u00e0 ce qu'ils aient fond\u00e9 une famille ou qu'ils se voient attribuer un autre logement.<\/p>\n<p>Cette r\u00e9sidence a \u00e9t\u00e9 d\u00e9molie en 2008. La question s'est alors pos\u00e9e de savoir \u00e0 quoi devait servir cet espace. Le terrain \u00e9tait utilis\u00e9 par l'universit\u00e9 technique de Freiberg, dont le propri\u00e9taire est l'\u00c9tat libre de Saxe.<\/p>\n<\/div><\/div><\/div><div class=\"fusion-layout-column fusion_builder_column fusion-builder-column-3 fusion_builder_column_1_2 1_2 fusion-flex-column\" style=\"--awb-bg-size:cover;--awb-width-large:50%;--awb-margin-top-large:0px;--awb-spacing-right-large:3.84%;--awb-margin-bottom-large:20px;--awb-spacing-left-large:3.84%;--awb-width-medium:50%;--awb-order-medium:0;--awb-spacing-right-medium:3.84%;--awb-spacing-left-medium:3.84%;--awb-width-small:100%;--awb-order-small:3;--awb-spacing-right-small:1.92%;--awb-margin-bottom-small:2em;--awb-spacing-left-small:1.92%;\" data-scroll-devices=\"small-visibility,medium-visibility,large-visibility\"><div class=\"fusion-column-wrapper fusion-column-has-shadow fusion-flex-justify-content-flex-start fusion-content-layout-column\"><div class=\"fusion-text fusion-text-2\"><p>Parall\u00e8lement, le Studentenwerk de Freiberg pr\u00e9voyait d'agrandir sa cr\u00e8che existante. Mais il s'est rapidement av\u00e9r\u00e9 que l'extension serait beaucoup trop petite et beaucoup trop co\u00fbteuse. A l'\u00e9poque, environ 50 enfants \u00e9taient sur la liste d'attente de notre cr\u00e8che. Lors de discussions avec l'universit\u00e9 et la ville de Freiberg sur l'emplacement d'une nouvelle cr\u00e8che, le secteur situ\u00e9 entre la Winklerstra\u00dfe et la M\u00f6llerstra\u00dfe s'est impos\u00e9. Le S\u00e4chsisches Immobilien- und Baumanagement, en tant qu'administrateur des terrains de l'\u00c9tat libre de Saxe, a fait le reste pour que la surface devienne un droit de superficie du Studentenwerk de Freiberg et le 01.06.2010, \u00e0 l'occasion de la journ\u00e9e des enfants, la construction a pu commencer.<\/p>\n<p>Tout le monde a \u00e9galement contribu\u00e9 au financement de la construction, estim\u00e9e \u00e0 pr\u00e8s de 2 millions d'euros. La ville de Freiberg a pris en charge la plus grosse partie, soit 1,2 million d'euros, et c'est elle qui assumera plus tard la majeure partie des co\u00fbts d'exploitation.<\/p>\n<\/div><\/div><\/div><div class=\"fusion-layout-column fusion_builder_column fusion-builder-column-4 fusion_builder_column_1_2 1_2 fusion-flex-column\" style=\"--awb-bg-size:cover;--awb-width-large:50%;--awb-margin-top-large:0px;--awb-spacing-right-large:3.84%;--awb-margin-bottom-large:20px;--awb-spacing-left-large:3.84%;--awb-width-medium:50%;--awb-order-medium:0;--awb-spacing-right-medium:3.84%;--awb-spacing-left-medium:3.84%;--awb-width-small:100%;--awb-order-small:2;--awb-spacing-right-small:1.92%;--awb-spacing-left-small:1.92%;\" data-scroll-devices=\"small-visibility,medium-visibility,large-visibility\"><div class=\"fusion-column-wrapper fusion-column-has-shadow fusion-flex-justify-content-flex-start fusion-content-layout-column\"><div class=\"fusion-image-element awb-imageframe-style awb-imageframe-style-below awb-imageframe-style-1\" style=\"--awb-caption-title-color:var(--awb-color6);--awb-caption-text-color:var(--awb-color6);--awb-caption-text-size:0.75em;--awb-caption-margin-top:15px;--awb-caption-title-font-family:var(--body_typography-font-family);--awb-caption-title-font-weight:var(--body_typography-font-weight);--awb-caption-title-font-style:var(--body_typography-font-style);--awb-caption-title-size:0.8em;--awb-caption-title-transform:var(--body_typography-text-transform);--awb-caption-title-line-height:var(--body_typography-line-height);--awb-caption-title-letter-spacing:var(--body_typography-letter-spacing);\"><span class=\"fusion-imageframe imageframe-none imageframe-1 hover-type-none\"><img decoding=\"async\" width=\"700\" height=\"466\" alt=\"Grundsteinlegung Kita Campuszwerge\" title=\"historique des nains de campus\" src=\"https:\/\/www.kind-im-studium.de\/wp-content\/uploads\/sites\/3\/2025\/01\/campuszwerge-historie.jpg\" class=\"img-responsive wp-image-3235\" srcset=\"https:\/\/www.kind-im-studium.de\/wp-content\/uploads\/sites\/3\/2025\/01\/campuszwerge-historie-200x133.jpg 200w, https:\/\/www.kind-im-studium.de\/wp-content\/uploads\/sites\/3\/2025\/01\/campuszwerge-historie-400x266.jpg 400w, https:\/\/www.kind-im-studium.de\/wp-content\/uploads\/sites\/3\/2025\/01\/campuszwerge-historie-600x399.jpg 600w, https:\/\/www.kind-im-studium.de\/wp-content\/uploads\/sites\/3\/2025\/01\/campuszwerge-historie.jpg 700w\" sizes=\"(max-width: 640px) 100vw, 600px\" \/><\/span><div class=\"awb-imageframe-caption-container\"><div class=\"awb-imageframe-caption\"><div class=\"awb-imageframe-caption-title\">Pose de la premi\u00e8re pierre \u00a9Detlev M\u00fcller<\/div><\/div><\/div><\/div><\/div><\/div><\/div><\/div><div class=\"fusion-fullwidth fullwidth-box fusion-builder-row-3 fusion-flex-container has-pattern-background has-mask-background nonhundred-percent-fullwidth non-hundred-percent-height-scrolling\" style=\"--awb-border-radius-top-left:0px;--awb-border-radius-top-right:0px;--awb-border-radius-bottom-right:0px;--awb-border-radius-bottom-left:0px;--awb-padding-top:2em;--awb-padding-bottom:2em;--awb-padding-bottom-small:0px;--awb-background-color:var(--awb-color2);--awb-flex-wrap:wrap;\" ><div class=\"fusion-builder-row fusion-row fusion-flex-align-items-flex-start fusion-flex-justify-content-space-between fusion-flex-content-wrap\" style=\"max-width:1248px;margin-left: calc(-4% \/ 2 );margin-right: calc(-4% \/ 2 );\"><div class=\"fusion-layout-column fusion_builder_column fusion-builder-column-5 fusion_builder_column_5_6 5_6 fusion-flex-column\" style=\"--awb-bg-size:cover;--awb-width-large:83.333333333333%;--awb-margin-top-large:0px;--awb-spacing-right-large:2.304%;--awb-margin-bottom-large:20px;--awb-spacing-left-large:2.304%;--awb-width-medium:100%;--awb-order-medium:0;--awb-spacing-right-medium:1.92%;--awb-spacing-left-medium:1.92%;--awb-width-small:100%;--awb-order-small:2;--awb-spacing-right-small:1.92%;--awb-margin-bottom-small:2em;--awb-spacing-left-small:1.92%;\"><div class=\"fusion-column-wrapper fusion-column-has-shadow fusion-flex-justify-content-flex-start fusion-content-layout-column\"><div class=\"fusion-title title fusion-title-2 fusion-sep-none fusion-title-text fusion-title-size-two\" style=\"--awb-text-color:var(--awb-color7);--awb-font-size:2em;\"><h2 class=\"fusion-title-heading title-heading-left fusion-responsive-typography-calculated\" style=\"margin:0;font-size:1em;--fontSize:36;line-height:var(--awb-typography1-line-height);\">Le Studentenwerk s'offre un cadeau<\/h2><\/div><div class=\"fusion-text fusion-text-3\"><p>La cr\u00e8che de la Winklerstra\u00dfe a ouvert ses portes le 1er juillet 2011, \u00e0 l'occasion du 20e anniversaire du Studentenwerk.<\/p>\n<p><strong>Par Steffen Jankowski et Oliver Hach - Freie Presse Freiberg du 02.07.2011 :<\/strong><\/p>\n<p><em>Freiberg - Hier, le Studentenwerk de Freiberg a port\u00e9 plusieurs toasts. Ce sont les plus jeunes qui ont commenc\u00e9 - avec du champagne pour enfants - lors de l'inauguration de leur nouvelle cr\u00e8che dans la Winklerstra\u00dfe. Ensuite, le Studentenwerk, qui g\u00e8re la cr\u00e8che en tant qu'organisme ind\u00e9pendant, a \u00e9galement f\u00eat\u00e9 ses 20 ans d'existence.<\/em><\/p>\n<p><em>\"Beau\" - et ce de mani\u00e8re convaincue et prolong\u00e9e - tel \u00e9tait hier le jugement de Kaja sur le nouveau b\u00e2timent. La petite fille de trois ans a \u00e9t\u00e9 le premier enfant \u00e0 se rendre dans le nouvel \u00e9tablissement le matin m\u00eame. Elle s'\u00e9tait tout de suite sentie \u00e0 l'aise et s'\u00e9tait essay\u00e9e \u00e0 la peinture. Sa m\u00e8re, D\u00f6rte Plate, ne tarissait pas non plus d'\u00e9loges. \"La maison est tr\u00e8s claire et spacieuse\", a-t-elle jug\u00e9.<\/em><br \/>\n<em>Nous avons actuellement trois enfants en maternelle et cinq en cr\u00e8che\", a rapport\u00e9 Kathrin Stebel. Pour ce mois-ci, 18 filles et gar\u00e7ons au total sont inscrits, poursuit la directrice de la nouvelle cr\u00e8che : \"D\u00e8s septembre, les 60 places seront occup\u00e9es\".<\/em><br \/>\n<em>Le toit de la salle polyvalente est caract\u00e9ristique de ce b\u00e2timent plat et color\u00e9 situ\u00e9 \u00e0 l'intersection de la M\u00f6llerstra\u00dfe. Cette construction originale assure une bonne acoustique. Cela a \u00e9t\u00e9 utile hier pour le programme du groupe de scarab\u00e9es du Hornm\u00fchlenweg. Son utilit\u00e9 dans les jeux quotidiens reste \u00e0 voir.[...].<\/em><br \/>\n<em>Les enfants du groupe \"K\u00e4fer\" se sont r\u00e9jouis hier de la nouvelle cr\u00e8che du Studentenwerk dans la Winklerstra\u00dfe, tout comme sa directrice Kathrin Stebel et Thomas Schmalz du Studentenwerk de Freiberg.<\/em><\/p>\n<\/div><\/div><\/div><\/div><\/div><\/p>","protected":false},"excerpt":{"rendered":"","protected":false},"author":1,"featured_media":0,"parent":45,"menu_order":5,"comment_status":"closed","ping_status":"closed","template":"100-width.php","meta":{"_acf_changed":false,"footnotes":""},"class_list":["post-57","page","type-page","status-publish","hentry"],"acf":[],"_links":{"self":[{"href":"https:\/\/www.kind-im-studium.de\/fr\/wp-json\/wp\/v2\/pages\/57","targetHints":{"allow":["GET"]}}],"collection":[{"href":"https:\/\/www.kind-im-studium.de\/fr\/wp-json\/wp\/v2\/pages"}],"about":[{"href":"https:\/\/www.kind-im-studium.de\/fr\/wp-json\/wp\/v2\/types\/page"}],"author":[{"embeddable":true,"href":"https:\/\/www.kind-im-studium.de\/fr\/wp-json\/wp\/v2\/users\/1"}],"replies":[{"embeddable":true,"href":"https:\/\/www.kind-im-studium.de\/fr\/wp-json\/wp\/v2\/comments?post=57"}],"version-history":[{"count":10,"href":"https:\/\/www.kind-im-studium.de\/fr\/wp-json\/wp\/v2\/pages\/57\/revisions"}],"predecessor-version":[{"id":3506,"href":"https:\/\/www.kind-im-studium.de\/fr\/wp-json\/wp\/v2\/pages\/57\/revisions\/3506"}],"up":[{"embeddable":true,"href":"https:\/\/www.kind-im-studium.de\/fr\/wp-json\/wp\/v2\/pages\/45"}],"wp:attachment":[{"href":"https:\/\/www.kind-im-studium.de\/fr\/wp-json\/wp\/v2\/media?parent=57"}],"curies":[{"name":"wp","href":"https:\/\/api.w.org\/{rel}","templated":true}]}}