{"id":43,"date":"2024-11-28T13:51:31","date_gmt":"2024-11-28T12:51:31","guid":{"rendered":"https:\/\/www.kind-im-studium.de\/?page_id=43"},"modified":"2025-01-20T13:36:33","modified_gmt":"2025-01-20T12:36:33","slug":"historie","status":"publish","type":"page","link":"https:\/\/www.kind-im-studium.de\/fr\/kinderbetreuung-in-freiberg\/kita-hornmuehlenweg\/historie\/","title":{"rendered":"Historique"},"content":{"rendered":"<p><div class=\"fusion-fullwidth fullwidth-box fusion-builder-row-1 fusion-flex-container has-pattern-background has-mask-background nonhundred-percent-fullwidth non-hundred-percent-height-scrolling\" style=\"--awb-border-radius-top-left:0px;--awb-border-radius-top-right:0px;--awb-border-radius-bottom-right:0px;--awb-border-radius-bottom-left:0px;--awb-background-color:#ffd988;--awb-flex-wrap:wrap;\" ><div class=\"fusion-builder-row fusion-row fusion-flex-align-items-flex-end fusion-flex-content-wrap\" style=\"max-width:1248px;margin-left: calc(-4% \/ 2 );margin-right: calc(-4% \/ 2 );\"><div class=\"fusion-layout-column fusion_builder_column fusion-builder-column-0 fusion_builder_column_3_4 3_4 fusion-flex-column fusion-flex-align-self-flex-end\" style=\"--awb-overflow:hidden;--awb-bg-size:cover;--awb-border-radius:5px 5px 0px 0px;--awb-width-large:75%;--awb-margin-top-large:2em;--awb-spacing-right-large:2.56%;--awb-margin-bottom-large:0px;--awb-spacing-left-large:2.56%;--awb-width-medium:75%;--awb-order-medium:0;--awb-spacing-right-medium:2.56%;--awb-spacing-left-medium:2.56%;--awb-width-small:100%;--awb-order-small:2;--awb-margin-top-small:2em;--awb-spacing-right-small:1.92%;--awb-spacing-left-small:1.92%;\" data-scroll-devices=\"small-visibility,medium-visibility,large-visibility\"><div class=\"fusion-column-wrapper fusion-column-has-shadow fusion-flex-justify-content-center fusion-content-layout-column\"><nav class=\"fusion-breadcrumbs fusion-breadcrumbs-1\" style=\"--awb-text-hover-color:#002536;--awb-breadcrumb-sep:&#039;\/&#039;;\" aria-label=\"Fil d&#039;Ariane\"><ol class=\"awb-breadcrumb-list\"><\/ol><\/nav><div class=\"fusion-title title fusion-title-1 fusion-sep-none fusion-title-text fusion-title-size-one\" style=\"--awb-text-color:var(--awb-color8);--awb-margin-bottom:0px;--awb-margin-bottom-small:0px;--awb-font-size:2.8em;\"><h1 class=\"fusion-title-heading title-heading-left fusion-responsive-typography-calculated\" style=\"margin:0;font-size:1em;--fontSize:50.4;line-height:var(--awb-typography1-line-height);\">Histoire de la cr\u00e8che Hornm\u00fchlenweg<\/h1><\/div><\/div><\/div><div class=\"fusion-layout-column fusion_builder_column fusion-builder-column-1 fusion_builder_column_1_1 1_1 fusion-flex-column\" style=\"--awb-bg-size:cover;--awb-width-large:100%;--awb-margin-top-large:-40px;--awb-spacing-right-large:1.92%;--awb-margin-bottom-large:0px;--awb-spacing-left-large:1.92%;--awb-width-medium:100%;--awb-order-medium:0;--awb-spacing-right-medium:1.92%;--awb-spacing-left-medium:1.92%;--awb-width-small:100%;--awb-order-small:3;--awb-spacing-right-small:1.92%;--awb-spacing-left-small:1.92%;\"><div class=\"fusion-column-wrapper fusion-column-has-shadow fusion-flex-justify-content-flex-start fusion-content-layout-column\"><div class=\"fusion-section-separator section-separator waves fusion-section-separator-1\" style=\"--awb-spacer-padding-top:inherit;--awb-svg-margin-left:1.92%;--awb-svg-margin-right:1.92%;--awb-svg-margin-left-medium:1.92%;--awb-svg-margin-right-medium:1.92%;--awb-svg-margin-left-small:1.92%;--awb-svg-margin-right-small:1.92%;--awb-divider-height:100px;--awb-spacer-height:100px;--awb-sep-font-size:0;--awb-sep-line-height:0;\"><div class=\"fusion-section-separator-svg\"><svg class=\"fusion-waves-candy\" xmlns=\"http:\/\/www.w3.org\/2000\/svg\" version=\"1.1\" width=\"100%\" viewbox=\"0 54 1024 162\" preserveaspectratio=\"none\" fill=\"rgba(255,255,255,1)\"><path class=\"st3\" d=\"M1024.1 54.368c-4 .2-8 .4-11.9.7-206.5 15.1-227.9 124.4-434.5 141.6-184.9 15.5-226.3-41.1-404.9-21.3-64 7.2-121.9 20.8-172.7 37.9v3.044h1024V54.368z\"\/><\/svg><\/div><div class=\"fusion-section-separator-spacer\"><div class=\"fusion-section-separator-spacer-height\"><\/div><\/div><\/div><\/div><\/div><\/div><\/div><div class=\"fusion-fullwidth fullwidth-box fusion-builder-row-2 fusion-flex-container has-pattern-background has-mask-background nonhundred-percent-fullwidth non-hundred-percent-height-scrolling\" style=\"--awb-border-radius-top-left:0px;--awb-border-radius-top-right:0px;--awb-border-radius-bottom-right:0px;--awb-border-radius-bottom-left:0px;--awb-padding-top:2em;--awb-padding-bottom:1em;--awb-flex-wrap:wrap;\" ><div class=\"fusion-builder-row fusion-row fusion-flex-align-items-flex-start fusion-flex-content-wrap\" style=\"max-width:1248px;margin-left: calc(-4% \/ 2 );margin-right: calc(-4% \/ 2 );\"><div class=\"fusion-layout-column fusion_builder_column fusion-builder-column-2 fusion_builder_column_1_3 1_3 fusion-flex-column\" style=\"--awb-bg-size:cover;--awb-width-large:33.333333333333%;--awb-margin-top-large:0px;--awb-spacing-right-large:5.76%;--awb-margin-bottom-large:20px;--awb-spacing-left-large:5.76%;--awb-width-medium:33.333333333333%;--awb-order-medium:0;--awb-spacing-right-medium:5.76%;--awb-spacing-left-medium:5.76%;--awb-width-small:100%;--awb-order-small:2;--awb-spacing-right-small:1.92%;--awb-spacing-left-small:1.92%;\" data-scroll-devices=\"small-visibility,medium-visibility,large-visibility\"><div class=\"fusion-column-wrapper fusion-column-has-shadow fusion-flex-justify-content-flex-start fusion-content-layout-column\"><div class=\"fusion-text fusion-text-1\"><p>La cr\u00e8che est issue de la cr\u00e8che Winklerstra\u00dfe et du jardin d'enfants Hornm\u00fchlenweg de l'universit\u00e9 technique de Freiberg. La transformation en garderie s'est d\u00e9roul\u00e9e entre novembre 1990 et ao\u00fbt 1991. L'ancien jardin d'enfants de quatre groupes et la cr\u00e8che de huit groupes, qui accueillaient au total 122 enfants, ont \u00e9t\u00e9 restructur\u00e9s en une garderie.<\/p>\n<\/div><\/div><\/div><div class=\"fusion-layout-column fusion_builder_column fusion-builder-column-3 fusion_builder_column_1_3 1_3 fusion-flex-column\" style=\"--awb-bg-size:cover;--awb-width-large:33.333333333333%;--awb-margin-top-large:0px;--awb-spacing-right-large:5.76%;--awb-margin-bottom-large:20px;--awb-spacing-left-large:5.76%;--awb-width-medium:33.333333333333%;--awb-order-medium:0;--awb-spacing-right-medium:5.76%;--awb-spacing-left-medium:5.76%;--awb-width-small:100%;--awb-order-small:3;--awb-spacing-right-small:1.92%;--awb-spacing-left-small:1.92%;\" data-scroll-devices=\"small-visibility,medium-visibility,large-visibility\"><div class=\"fusion-column-wrapper fusion-column-has-shadow fusion-flex-justify-content-flex-start fusion-content-layout-column\"><div class=\"fusion-text fusion-text-2\"><p><strong>1994:<\/strong> Autorisation d'exploitation pour l'accueil de 18 enfants de cr\u00e8che et de 34 enfants de jardin d'enfants<\/p>\n<p><strong>1999:<\/strong> Montage d'une installation solaire pour la production d'eau chaude<\/p>\n<p><strong>2001:<\/strong> Augmentation de la capacit\u00e9 \u00e0 60 enfants au total<\/p>\n<p><strong>2002-2004:<\/strong> R\u00e9novation de l'ensemble de l'\u00e9tablissement<\/p>\n<ul>\n<li>Modernisation de la fa\u00e7ade ext\u00e9rieure<\/li>\n<li>Modernisation de l'int\u00e9rieur<\/li>\n<li>Passage au chauffage par le sol<\/li>\n<li>R\u00e9novation de l'installation \u00e9lectrique<\/li>\n<li>R\u00e9novation des sanitaires<\/li>\n<li>Annexe \u00e0 l'ancienne entr\u00e9e (cr\u00e9ation du foyer)<\/li>\n<\/ul>\n<p><strong>2017-2018:<\/strong> Annexe de la cr\u00e8che actuelle<\/p>\n<p>Gr\u00e2ce \u00e0 la r\u00e9novation et \u00e0 l'extension de la cr\u00e8che, les enfants et le personnel p\u00e9dagogique disposent de conditions de jeu, de travail et de s\u00e9jour modernes.<\/p>\n<\/div><\/div><\/div><div class=\"fusion-layout-column fusion_builder_column fusion-builder-column-4 fusion_builder_column_1_3 1_3 fusion-flex-column\" style=\"--awb-bg-size:cover;--awb-width-large:33.333333333333%;--awb-margin-top-large:0px;--awb-spacing-right-large:5.76%;--awb-margin-bottom-large:20px;--awb-spacing-left-large:5.76%;--awb-width-medium:33.333333333333%;--awb-order-medium:0;--awb-spacing-right-medium:5.76%;--awb-spacing-left-medium:5.76%;--awb-width-small:100%;--awb-order-small:1;--awb-spacing-right-small:1.92%;--awb-spacing-left-small:1.92%;\" data-scroll-devices=\"small-visibility,medium-visibility,large-visibility\"><div class=\"fusion-column-wrapper fusion-column-has-shadow fusion-flex-justify-content-flex-start fusion-content-layout-column\"><div class=\"fusion-image-element awb-imageframe-style awb-imageframe-style-below awb-imageframe-style-1\" style=\"--awb-caption-title-color:var(--awb-color6);--awb-caption-text-color:var(--awb-color6);--awb-caption-text-size:0.7em;--awb-caption-margin-right:10px;--awb-caption-title-font-family:var(--body_typography-font-family);--awb-caption-title-font-weight:var(--body_typography-font-weight);--awb-caption-title-font-style:var(--body_typography-font-style);--awb-caption-title-size:0.7em;--awb-caption-title-transform:var(--body_typography-text-transform);--awb-caption-title-line-height:var(--body_typography-line-height);--awb-caption-title-letter-spacing:var(--body_typography-letter-spacing);\"><span class=\"fusion-imageframe imageframe-none imageframe-1 hover-type-none\"><img decoding=\"async\" width=\"700\" height=\"491\" alt=\"altes Bild der Kita Hornm\u00fchlenweg\" title=\"hornmuehlenweg-histoire\" src=\"https:\/\/www.kind-im-studium.de\/wp-content\/uploads\/sites\/3\/2025\/01\/hornmuehlenweg-historie.jpg\" class=\"img-responsive wp-image-3142\" srcset=\"https:\/\/www.kind-im-studium.de\/wp-content\/uploads\/sites\/3\/2025\/01\/hornmuehlenweg-historie-200x140.jpg 200w, https:\/\/www.kind-im-studium.de\/wp-content\/uploads\/sites\/3\/2025\/01\/hornmuehlenweg-historie-400x281.jpg 400w, https:\/\/www.kind-im-studium.de\/wp-content\/uploads\/sites\/3\/2025\/01\/hornmuehlenweg-historie-600x421.jpg 600w, https:\/\/www.kind-im-studium.de\/wp-content\/uploads\/sites\/3\/2025\/01\/hornmuehlenweg-historie.jpg 700w\" sizes=\"(max-width: 640px) 100vw, 400px\" \/><\/span><div class=\"awb-imageframe-caption-container\" style=\"text-align:right;\"><div class=\"awb-imageframe-caption\"><div class=\"awb-imageframe-caption-title\">Acad\u00e9mie de la montagne<\/div><\/div><\/div><\/div><\/div><\/div><\/div><\/div><\/p>","protected":false},"excerpt":{"rendered":"","protected":false},"author":1,"featured_media":0,"parent":29,"menu_order":5,"comment_status":"closed","ping_status":"closed","template":"100-width.php","meta":{"_acf_changed":false,"footnotes":""},"class_list":["post-43","page","type-page","status-publish","hentry"],"acf":[],"_links":{"self":[{"href":"https:\/\/www.kind-im-studium.de\/fr\/wp-json\/wp\/v2\/pages\/43","targetHints":{"allow":["GET"]}}],"collection":[{"href":"https:\/\/www.kind-im-studium.de\/fr\/wp-json\/wp\/v2\/pages"}],"about":[{"href":"https:\/\/www.kind-im-studium.de\/fr\/wp-json\/wp\/v2\/types\/page"}],"author":[{"embeddable":true,"href":"https:\/\/www.kind-im-studium.de\/fr\/wp-json\/wp\/v2\/users\/1"}],"replies":[{"embeddable":true,"href":"https:\/\/www.kind-im-studium.de\/fr\/wp-json\/wp\/v2\/comments?post=43"}],"version-history":[{"count":13,"href":"https:\/\/www.kind-im-studium.de\/fr\/wp-json\/wp\/v2\/pages\/43\/revisions"}],"predecessor-version":[{"id":3500,"href":"https:\/\/www.kind-im-studium.de\/fr\/wp-json\/wp\/v2\/pages\/43\/revisions\/3500"}],"up":[{"embeddable":true,"href":"https:\/\/www.kind-im-studium.de\/fr\/wp-json\/wp\/v2\/pages\/29"}],"wp:attachment":[{"href":"https:\/\/www.kind-im-studium.de\/fr\/wp-json\/wp\/v2\/media?parent=43"}],"curies":[{"name":"wp","href":"https:\/\/api.w.org\/{rel}","templated":true}]}}