{"id":61,"date":"2024-11-28T13:54:35","date_gmt":"2024-11-28T12:54:35","guid":{"rendered":"https:\/\/www.kind-im-studium.de\/?page_id=61"},"modified":"2025-07-29T09:25:03","modified_gmt":"2025-07-29T07:25:03","slug":"speiseplan-bestellung","status":"publish","type":"page","link":"https:\/\/www.kind-im-studium.de\/es\/kinderbetreuung-in-freiberg\/speiseplan-bestellung\/","title":{"rendered":"Men\u00fa y pedidos"},"content":{"rendered":"<p><div class=\"fusion-fullwidth fullwidth-box fusion-builder-row-1 fusion-flex-container has-pattern-background has-mask-background nonhundred-percent-fullwidth non-hundred-percent-height-scrolling\" style=\"--awb-border-radius-top-left:0px;--awb-border-radius-top-right:0px;--awb-border-radius-bottom-right:0px;--awb-border-radius-bottom-left:0px;--awb-background-color:#ffd988;--awb-flex-wrap:wrap;\" ><div class=\"fusion-builder-row fusion-row fusion-flex-align-items-flex-end fusion-flex-content-wrap\" style=\"max-width:1248px;margin-left: calc(-4% \/ 2 );margin-right: calc(-4% \/ 2 );\"><div class=\"fusion-layout-column fusion_builder_column fusion-builder-column-0 fusion_builder_column_3_4 3_4 fusion-flex-column fusion-flex-align-self-flex-end\" style=\"--awb-overflow:hidden;--awb-bg-size:cover;--awb-border-radius:5px 5px 0px 0px;--awb-width-large:75%;--awb-margin-top-large:2em;--awb-spacing-right-large:2.56%;--awb-margin-bottom-large:0px;--awb-spacing-left-large:2.56%;--awb-width-medium:75%;--awb-order-medium:0;--awb-spacing-right-medium:2.56%;--awb-spacing-left-medium:2.56%;--awb-width-small:100%;--awb-order-small:2;--awb-margin-top-small:2em;--awb-spacing-right-small:1.92%;--awb-spacing-left-small:1.92%;\" data-scroll-devices=\"small-visibility,medium-visibility,large-visibility\"><div class=\"fusion-column-wrapper fusion-column-has-shadow fusion-flex-justify-content-center fusion-content-layout-column\"><nav class=\"fusion-breadcrumbs fusion-breadcrumbs-1\" style=\"--awb-text-hover-color:#002536;--awb-breadcrumb-sep:&#039;\/&#039;;\" aria-label=\"Migas de pan\"><ol class=\"awb-breadcrumb-list\"><\/ol><\/nav><div class=\"fusion-title title fusion-title-1 fusion-sep-none fusion-title-text fusion-title-size-one\" style=\"--awb-text-color:var(--awb-color8);--awb-margin-bottom:0px;--awb-margin-bottom-small:0px;--awb-font-size:2.8em;\"><h1 class=\"fusion-title-heading title-heading-left fusion-responsive-typography-calculated\" style=\"margin:0;font-size:1em;--fontSize:50.4;line-height:var(--awb-typography1-line-height);\">Men\u00fa de las guarder\u00edas de Freiberg<\/h1><\/div><\/div><\/div><div class=\"fusion-layout-column fusion_builder_column fusion-builder-column-1 fusion_builder_column_1_1 1_1 fusion-flex-column\" style=\"--awb-bg-size:cover;--awb-width-large:100%;--awb-margin-top-large:-40px;--awb-spacing-right-large:1.92%;--awb-margin-bottom-large:0px;--awb-spacing-left-large:1.92%;--awb-width-medium:100%;--awb-order-medium:0;--awb-spacing-right-medium:1.92%;--awb-spacing-left-medium:1.92%;--awb-width-small:100%;--awb-order-small:3;--awb-spacing-right-small:1.92%;--awb-spacing-left-small:1.92%;\"><div class=\"fusion-column-wrapper fusion-column-has-shadow fusion-flex-justify-content-flex-start fusion-content-layout-column\"><div class=\"fusion-section-separator section-separator waves fusion-section-separator-1\" style=\"--awb-spacer-padding-top:inherit;--awb-svg-margin-left:1.92%;--awb-svg-margin-right:1.92%;--awb-svg-margin-left-medium:1.92%;--awb-svg-margin-right-medium:1.92%;--awb-svg-margin-left-small:1.92%;--awb-svg-margin-right-small:1.92%;--awb-divider-height:100px;--awb-spacer-height:100px;--awb-sep-font-size:0;--awb-sep-line-height:0;\"><div class=\"fusion-section-separator-svg\"><svg class=\"fusion-waves-candy\" xmlns=\"http:\/\/www.w3.org\/2000\/svg\" version=\"1.1\" width=\"100%\" viewbox=\"0 54 1024 162\" preserveaspectratio=\"none\" fill=\"rgba(255,255,255,1)\"><path class=\"st3\" d=\"M1024.1 54.368c-4 .2-8 .4-11.9.7-206.5 15.1-227.9 124.4-434.5 141.6-184.9 15.5-226.3-41.1-404.9-21.3-64 7.2-121.9 20.8-172.7 37.9v3.044h1024V54.368z\"\/><\/svg><\/div><div class=\"fusion-section-separator-spacer\"><div class=\"fusion-section-separator-spacer-height\"><\/div><\/div><\/div><\/div><\/div><\/div><\/div><div class=\"fusion-fullwidth fullwidth-box fusion-builder-row-2 fusion-flex-container has-pattern-background has-mask-background nonhundred-percent-fullwidth non-hundred-percent-height-scrolling\" style=\"--awb-border-radius-top-left:0px;--awb-border-radius-top-right:0px;--awb-border-radius-bottom-right:0px;--awb-border-radius-bottom-left:0px;--awb-padding-top:1em;--awb-padding-bottom:0em;--awb-padding-bottom-medium:0em;--awb-padding-bottom-small:0em;--awb-flex-wrap:wrap;\" ><div class=\"fusion-builder-row fusion-row fusion-flex-align-items-flex-start fusion-flex-justify-content-space-between fusion-flex-content-wrap\" style=\"max-width:1248px;margin-left: calc(-4% \/ 2 );margin-right: calc(-4% \/ 2 );\"><div class=\"fusion-layout-column fusion_builder_column fusion-builder-column-2 fusion_builder_column_5_6 5_6 fusion-flex-column\" style=\"--awb-bg-size:cover;--awb-width-large:83.333333333333%;--awb-margin-top-large:0px;--awb-spacing-right-large:2.304%;--awb-margin-bottom-large:20px;--awb-spacing-left-large:2.304%;--awb-width-medium:100%;--awb-order-medium:0;--awb-spacing-right-medium:1.92%;--awb-spacing-left-medium:1.92%;--awb-width-small:100%;--awb-order-small:2;--awb-spacing-right-small:1.92%;--awb-margin-bottom-small:2em;--awb-spacing-left-small:1.92%;\"><div class=\"fusion-column-wrapper fusion-column-has-shadow fusion-flex-justify-content-flex-start fusion-content-layout-column\"><div class=\"fusion-title title fusion-title-2 fusion-sep-none fusion-title-text fusion-title-size-two\" style=\"--awb-font-size:2em;\"><h2 class=\"fusion-title-heading title-heading-left fusion-responsive-typography-calculated\" style=\"margin:0;font-size:1em;--fontSize:36;line-height:var(--awb-typography1-line-height);\">Men\u00fa de la guarder\u00eda Hornm\u00fchlenweg &amp; Campuszwerge<\/h2><\/div><div class=\"fusion-text fusion-text-1 fusion-text-no-margin\" style=\"--awb-margin-bottom:40px;\">\r\n<div data-init=\"12.04.2026\">\r\n\r\n    <ul class=\"swfg-speiseplan-nav-weeks\">\r\n        <li><button class=\"active\" onclick=\"swfgSpeiseplanWeek('thisWeek', this)\">Esta semana<\/button><\/li>\r\n        <li><button onclick=\"swfgSpeiseplanWeek('nextWeek', this)\">Pr\u00f3xima semana<\/button><\/li>\r\n    <\/ul>\r\n\r\n    <div class=\"swfg-speiseplan-week\" data-week=\"thisWeek\" ><ul class=\"swfg-speiseplan-nav-dates\"><\/ul><p>No hay datos disponibles<\/p><\/div><div class=\"swfg-speiseplan-week\" data-week=\"nextWeek\"  style=\"display:none\"><ul class=\"swfg-speiseplan-nav-dates\"><li><button class=\"\" onclick=\"swfgSpeiseplanDate('13.04.2026', this)\">Lunes, 13.04.<\/button><\/li><li><button class=\"\" onclick=\"swfgSpeiseplanDate('14.04.2026', this)\">Martes, 14.04.<\/button><\/li><li><button class=\"\" onclick=\"swfgSpeiseplanDate('15.04.2026', this)\">Mi\u00e9rcoles, 15.04.<\/button><\/li><li><button class=\"\" onclick=\"swfgSpeiseplanDate('16.04.2026', this)\">Jueves, 16.04.<\/button><\/li><li><button class=\"\" onclick=\"swfgSpeiseplanDate('17.04.2026', this)\">Viernes, 17.04.<\/button><\/li><\/ul>\r\n            <div class=\"swfg-speiseplan-day\" data-day=\"13.04.2026\">\r\n    <h3 class=\"swfg-speiseplan-weekday\">13.04.2026<\/h3>\r\n    <div class=\"swfg-speiseplan-group\"><div class=\"swfg-speiseplan-item\">\r\n<h4 class=\"swfg-speiseplan-title\"><span>Spirelli integrales con salsa de ma\u00edz dulce, calabac\u00edn y pimiento<\/span>\r\n                     \r\n                     \r\n                     <span class=\"swfg-speiseplan-marks-types\"><span class=\"swfg-speiseplan-marks-type\" title=\"Vegetariano\"><img decoding=\"async\" src=\"https:\/\/www.kind-im-studium.de\/wp-content\/plugins\/swfg-speiseplan\/templates\/..\/assets\/img\/V.png\" title=\"Vegetariano\" \/><\/span><\/span><\/h4><p class=\"swfg-speiseplan-description\">Pera<\/p>\r\n<p class=\"swfg-speiseplan-marks-ingredients\">Ingredientes: <span class=\"swfg-speiseplan-marks-ingredient\" title=\"con conservante\">1<\/span>, <span class=\"swfg-speiseplan-marks-ingredient\" title=\"Contiene gluten\">19<\/span>, <span class=\"swfg-speiseplan-marks-ingredient\" title=\"Soja\">23<\/span>, <span class=\"swfg-speiseplan-marks-ingredient\" title=\"Leche\/az\u00facar de leche\">24<\/span>, <span class=\"swfg-speiseplan-marks-ingredient\" title=\"Trigo (191)\">WEI<\/span>, <span class=\"swfg-speiseplan-marks-ingredient\" title=\"Vegetariano\">V<\/span>\r\n<\/p><\/div><\/div><\/div>\r\n            <div class=\"swfg-speiseplan-day\" data-day=\"14.04.2026\">\r\n    <h3 class=\"swfg-speiseplan-weekday\">14.04.2026<\/h3>\r\n    <div class=\"swfg-speiseplan-group\"><div class=\"swfg-speiseplan-item\">\r\n<h4 class=\"swfg-speiseplan-title\"><span>Bolsillos de patata con relleno de tomate y mozzarella o br\u00e9col, salsa de quark<\/span>\r\n                     \r\n                     \r\n                     <span class=\"swfg-speiseplan-marks-types\"><span class=\"swfg-speiseplan-marks-type\" title=\"Vegetariano\"><img decoding=\"async\" src=\"https:\/\/www.kind-im-studium.de\/wp-content\/plugins\/swfg-speiseplan\/templates\/..\/assets\/img\/V.png\" title=\"Vegetariano\" \/><\/span><\/span><\/h4><p class=\"swfg-speiseplan-description\">Ensalada de pepino<\/p>\r\n<p class=\"swfg-speiseplan-marks-ingredients\">Ingredientes: <span class=\"swfg-speiseplan-marks-ingredient\" title=\"Leche\/az\u00facar de leche\">24<\/span>, <span class=\"swfg-speiseplan-marks-ingredient\" title=\"Vegetariano\">V<\/span>\r\n<\/p><\/div><\/div><\/div>\r\n            <div class=\"swfg-speiseplan-day\" data-day=\"15.04.2026\">\r\n    <h3 class=\"swfg-speiseplan-weekday\">15.04.2026<\/h3>\r\n    <div class=\"swfg-speiseplan-group\"><div class=\"swfg-speiseplan-item\">\r\n<h4 class=\"swfg-speiseplan-title\"><span>Sart\u00e9n de tomate y abadejo con queso de pastor y cusc\u00fas<\/span>\r\n                     \r\n                     \r\n                     <span class=\"swfg-speiseplan-marks-types\"><span class=\"swfg-speiseplan-marks-type\" title=\"Pescado\"><img decoding=\"async\" src=\"https:\/\/www.kind-im-studium.de\/wp-content\/plugins\/swfg-speiseplan\/templates\/..\/assets\/img\/F.png\" title=\"Pescado\" \/><\/span><\/span><\/h4><p class=\"swfg-speiseplan-description\">Uvas<\/p>\r\n<p class=\"swfg-speiseplan-marks-ingredients\">Ingredientes: <span class=\"swfg-speiseplan-marks-ingredient\" title=\"Contiene gluten\">19<\/span>, <span class=\"swfg-speiseplan-marks-ingredient\" title=\"Leche\/az\u00facar de leche\">24<\/span>, <span class=\"swfg-speiseplan-marks-ingredient\" title=\"Pescado (al\u00e9rgeno)\">30<\/span>, <span class=\"swfg-speiseplan-marks-ingredient\" title=\"Pescado\">F<\/span>, <span class=\"swfg-speiseplan-marks-ingredient\" title=\"Trigo (191)\">WEI<\/span>\r\n<\/p><\/div><\/div><\/div>\r\n            <div class=\"swfg-speiseplan-day\" data-day=\"16.04.2026\">\r\n    <h3 class=\"swfg-speiseplan-weekday\">16.04.2026<\/h3>\r\n    <div class=\"swfg-speiseplan-group\"><div class=\"swfg-speiseplan-item\">\r\n<h4 class=\"swfg-speiseplan-title\"><span>Ragout de huevo, mostaza, coliflor y puerro con patatas<\/span>\r\n                     \r\n                     \r\n                     <span class=\"swfg-speiseplan-marks-types\"><span class=\"swfg-speiseplan-marks-type\" title=\"Vegetariano\"><img decoding=\"async\" src=\"https:\/\/www.kind-im-studium.de\/wp-content\/plugins\/swfg-speiseplan\/templates\/..\/assets\/img\/V.png\" title=\"Vegetariano\" \/><\/span><\/span><\/h4><p class=\"swfg-speiseplan-description\">Yogur de grosella negra con crujiente de s\u00e9samo y avena<\/p>\r\n<p class=\"swfg-speiseplan-marks-ingredients\">Ingredientes: <span class=\"swfg-speiseplan-marks-ingredient\" title=\"Contiene gluten\">19<\/span>, <span class=\"swfg-speiseplan-marks-ingredient\" title=\"con huevo\">21<\/span>, <span class=\"swfg-speiseplan-marks-ingredient\" title=\"Leche\/az\u00facar de leche\">24<\/span>, <span class=\"swfg-speiseplan-marks-ingredient\" title=\"Mostaza\">27<\/span>, <span class=\"swfg-speiseplan-marks-ingredient\" title=\"Semillas de s\u00e9samo\">28<\/span>, <span class=\"swfg-speiseplan-marks-ingredient\" title=\"Trigo (191)\">WEI<\/span>, <span class=\"swfg-speiseplan-marks-ingredient\" title=\"Avena (194)\">HAF<\/span>, <span class=\"swfg-speiseplan-marks-ingredient\" title=\"Vegetariano\">V<\/span>\r\n<\/p><\/div><\/div><\/div>\r\n            <div class=\"swfg-speiseplan-day\" data-day=\"17.04.2026\">\r\n    <h3 class=\"swfg-speiseplan-weekday\">17.04.2026<\/h3>\r\n    <div class=\"swfg-speiseplan-group\"><div class=\"swfg-speiseplan-item\">\r\n<h4 class=\"swfg-speiseplan-title\"><span>Lonchas de pavo, jud\u00edas y verduras, arroz con zanahoria<\/span>\r\n                     \r\n                     \r\n                     <span class=\"swfg-speiseplan-marks-types\"><span class=\"swfg-speiseplan-marks-type\" title=\"Aves de corral\"><img decoding=\"async\" src=\"https:\/\/www.kind-im-studium.de\/wp-content\/plugins\/swfg-speiseplan\/templates\/..\/assets\/img\/G.png\" title=\"Aves de corral\" \/><\/span><\/span><\/h4><p class=\"swfg-speiseplan-description\">Ensalada de col china con tomates c\u00f3ctel<\/p>\r\n<p class=\"swfg-speiseplan-marks-ingredients\">Ingredientes: <span class=\"swfg-speiseplan-marks-ingredient\" title=\"Leche\/az\u00facar de leche\">24<\/span>, <span class=\"swfg-speiseplan-marks-ingredient\" title=\"Mostaza\">27<\/span>, <span class=\"swfg-speiseplan-marks-ingredient\" title=\"Aves de corral\">G<\/span>\r\n<\/p><\/div><\/div><\/div><\/div><\/div>\n<\/div><\/div><\/div><\/div><\/div><div class=\"fusion-fullwidth fullwidth-box fusion-builder-row-3 fusion-flex-container has-pattern-background has-mask-background nonhundred-percent-fullwidth non-hundred-percent-height-scrolling\" style=\"--awb-border-radius-top-left:0px;--awb-border-radius-top-right:0px;--awb-border-radius-bottom-right:0px;--awb-border-radius-bottom-left:0px;--awb-padding-top:1em;--awb-padding-bottom:0em;--awb-padding-bottom-medium:0em;--awb-padding-bottom-small:0em;--awb-background-color:#f9f9fb;--awb-flex-wrap:wrap;\" ><div class=\"fusion-builder-row fusion-row fusion-flex-align-items-flex-start fusion-flex-justify-content-space-between fusion-flex-content-wrap\" style=\"max-width:1248px;margin-left: calc(-4% \/ 2 );margin-right: calc(-4% \/ 2 );\"><div class=\"fusion-layout-column fusion_builder_column fusion-builder-column-3 fusion_builder_column_5_6 5_6 fusion-flex-column\" style=\"--awb-bg-size:cover;--awb-width-large:83.333333333333%;--awb-margin-top-large:0px;--awb-spacing-right-large:2.304%;--awb-margin-bottom-large:20px;--awb-spacing-left-large:2.304%;--awb-width-medium:83.333333333333%;--awb-order-medium:0;--awb-spacing-right-medium:2.304%;--awb-spacing-left-medium:2.304%;--awb-width-small:100%;--awb-order-small:0;--awb-spacing-right-small:1.92%;--awb-spacing-left-small:1.92%;\"><div class=\"fusion-column-wrapper fusion-column-has-shadow fusion-flex-justify-content-flex-start fusion-content-layout-column\"><div class=\"fusion-content-boxes content-boxes columns row fusion-columns-1 fusion-columns-total-1 fusion-content-boxes-1 content-boxes-icon-with-title content-left\" style=\"--awb-hover-accent-color:var(--awb-color4);--awb-circle-hover-accent-color:var(--awb-color4);--awb-item-margin-bottom:40px;\" data-animationoffset=\"top-into-view\"><div style=\"--awb-backgroundcolor:rgba(255,255,255,0);\" class=\"fusion-column content-box-column content-box-column content-box-column-1 col-lg-12 col-md-12 col-sm-12 fusion-content-box-hover content-box-column-last content-box-column-last-in-row\"><div class=\"col content-box-wrapper content-wrapper link-area-link-icon content-icon-wrapper-yes icon-hover-animation-fade\" data-animationoffset=\"top-into-view\"><div class=\"heading icon-left\"><h2 class=\"content-box-heading fusion-responsive-typography-calculated\" style=\"--h2_typography-font-size:24px;--fontSize:24;line-height:var(--awb-typography1-line-height);\">Al\u00e9rgenos y aditivos<\/h2><\/div><div class=\"fusion-clearfix\"><\/div><div class=\"content-container\">\n<p>1 - con conservantes | 2 - con colorantes | 3 - encerado | 4 - ennegrecido | 5 - con antioxidante | 6 - con fosfato | 7 - sulfurizado | 8 - con edulcorante | 9 - con potenciador del sabor | 10 - contiene fenilalanina | 16 - contiene quinina | 18 - moluscos |<\/p>\n<p>19 - que contienen gluten: WEI - trigo (191) | ROG - centeno (192) | GER - cebada (193) | HAF - avena (194) | DIN. - Espelta (195) | KAM - Kamut (196) |<\/p>\n<p>20 - Crust\u00e1ceos | 21 - Contiene huevo | 22 - Cacahuetes | 23 - Soja | 24 - Leche \/ lactosa |<\/p>\n<p>25 - Frutos de c\u00e1scara \/ Nueces: MAN - Almendras (251) | HAS - Avellanas (252) | WAL - Nueces (253) | CAS - Anacardos (254) | PEK - Pacanas (255) | PAR - Nueces de Brasil (256) | PIS - Pistachos (257) | MAC - Macadamias (258)<\/p>\n<p>26 - apio | 27 - mostaza | 28 - semillas de s\u00e9samo | 29 - di\u00f3xido de azufre y sulfitos | 30 - pescado (al\u00e9rgeno) | 31 - altramuz | 35 - con colorante azoico | 43 - con glaseado graso que contiene cacao | 171 - no apto para vegetarianos<\/p>\n<p>A - contiene alcohol | F - contiene pescado | G - contiene carne de ave | KT - KlimaTeller | L - contiene cordero | R - contiene ternera | S - contiene cerdo | V - plato vegetariano | VG - plato vegano | W - contiene carne de caza<\/p>\n<\/div><\/div><\/div><div class=\"fusion-clearfix\"><\/div><\/div><div class=\"fusion-text fusion-text-2\"><p>Si los platos contienen ingredientes alerg\u00e9nicos, tambi\u00e9n encontrar\u00e1 los n\u00fameros correspondientes en los monitores, etiquetas o expositores de los comedores y cafeter\u00edas. A pesar de poner el mayor cuidado posible, no podemos descartar la presencia de trazas t\u00e9cnicamente inevitables de los otros 14 al\u00e9rgenos.<\/p>\n<\/div><\/div><\/div><\/div><\/div><div class=\"fusion-fullwidth fullwidth-box fusion-builder-row-4 fusion-flex-container has-pattern-background has-mask-background nonhundred-percent-fullwidth non-hundred-percent-height-scrolling\" style=\"--awb-border-radius-top-left:0px;--awb-border-radius-top-right:0px;--awb-border-radius-bottom-right:0px;--awb-border-radius-bottom-left:0px;--awb-padding-top:2em;--awb-padding-bottom:2em;--awb-flex-wrap:wrap;\" ><div class=\"fusion-builder-row fusion-row fusion-flex-align-items-flex-start fusion-flex-justify-content-space-between fusion-flex-content-wrap\" style=\"max-width:1248px;margin-left: calc(-4% \/ 2 );margin-right: calc(-4% \/ 2 );\"><div class=\"fusion-layout-column fusion_builder_column fusion-builder-column-4 fusion_builder_column_4_5 4_5 fusion-flex-column\" style=\"--awb-bg-size:cover;--awb-width-large:80%;--awb-margin-top-large:0px;--awb-spacing-right-large:2.4%;--awb-margin-bottom-large:20px;--awb-spacing-left-large:2.4%;--awb-width-medium:80%;--awb-order-medium:0;--awb-spacing-right-medium:2.4%;--awb-spacing-left-medium:2.4%;--awb-width-small:100%;--awb-order-small:0;--awb-spacing-right-small:1.92%;--awb-spacing-left-small:1.92%;\"><div class=\"fusion-column-wrapper fusion-column-has-shadow fusion-flex-justify-content-flex-start fusion-content-layout-column\"><div class=\"fusion-title title fusion-title-3 fusion-sep-none fusion-title-text fusion-title-size-two\" style=\"--awb-text-color:var(--awb-color7);\"><h2 class=\"fusion-title-heading title-heading-left fusion-responsive-typography-calculated\" style=\"margin:0;--fontSize:48;line-height:var(--awb-typography1-line-height);\">FIT KID<\/h2><\/div><\/div><\/div><div class=\"fusion-layout-column fusion_builder_column fusion-builder-column-5 fusion_builder_column_2_5 2_5 fusion-flex-column fusion-flex-align-self-stretch\" style=\"--awb-bg-size:cover;--awb-width-large:40%;--awb-margin-top-large:0px;--awb-spacing-right-large:4.8%;--awb-margin-bottom-large:20px;--awb-spacing-left-large:4.8%;--awb-width-medium:40%;--awb-order-medium:0;--awb-spacing-right-medium:4.8%;--awb-spacing-left-medium:4.8%;--awb-width-small:100%;--awb-order-small:1;--awb-spacing-right-small:1.92%;--awb-margin-bottom-small:0em;--awb-spacing-left-small:1.92%;\" data-scroll-devices=\"small-visibility,medium-visibility,large-visibility\"><div class=\"fusion-column-wrapper fusion-column-has-shadow fusion-flex-justify-content-center fusion-content-layout-column\"><div class=\"fusion-image-element\" style=\"--awb-margin-bottom:1em;--awb-caption-text-color:var(--awb-color6);--awb-caption-text-size:0.7em;--awb-caption-margin-right:10px;--awb-caption-title-font-family:var(--body_typography-font-family);--awb-caption-title-font-weight:var(--body_typography-font-weight);--awb-caption-title-font-style:var(--body_typography-font-style);--awb-caption-title-size:var(--body_typography-font-size);--awb-caption-title-transform:var(--body_typography-text-transform);--awb-caption-title-line-height:var(--body_typography-line-height);--awb-caption-title-letter-spacing:var(--body_typography-letter-spacing);\"><span class=\"fusion-imageframe imageframe-none imageframe-1 hover-type-none\"><img decoding=\"async\" width=\"1255\" height=\"1025\" title=\"fit-kid\" src=\"https:\/\/www.kind-im-studium.de\/wp-content\/uploads\/sites\/3\/2025\/01\/fit-kid.png\" alt class=\"img-responsive wp-image-3137\" srcset=\"https:\/\/www.kind-im-studium.de\/wp-content\/uploads\/sites\/3\/2025\/01\/fit-kid-200x163.png 200w, https:\/\/www.kind-im-studium.de\/wp-content\/uploads\/sites\/3\/2025\/01\/fit-kid-400x327.png 400w, https:\/\/www.kind-im-studium.de\/wp-content\/uploads\/sites\/3\/2025\/01\/fit-kid-600x490.png 600w, https:\/\/www.kind-im-studium.de\/wp-content\/uploads\/sites\/3\/2025\/01\/fit-kid-800x653.png 800w, https:\/\/www.kind-im-studium.de\/wp-content\/uploads\/sites\/3\/2025\/01\/fit-kid-1200x980.png 1200w, https:\/\/www.kind-im-studium.de\/wp-content\/uploads\/sites\/3\/2025\/01\/fit-kid.png 1255w\" sizes=\"(max-width: 640px) 100vw, 600px\" \/><\/span><\/div><div class=\"fusion-text fusion-text-3\"><p>A principios de 2013, nuestras guarder\u00edas de Freiberg recibieron el certificado \"FIT KID - Kita\", lo que las convierte en una de las primeras guarder\u00edas de toda Sajonia en recibir este galard\u00f3n.<\/p>\n<\/div><\/div><\/div><div class=\"fusion-layout-column fusion_builder_column fusion-builder-column-6 fusion_builder_column_1_2 1_2 fusion-flex-column\" style=\"--awb-bg-size:cover;--awb-width-large:50%;--awb-margin-top-large:0px;--awb-spacing-right-large:3.84%;--awb-margin-bottom-large:20px;--awb-spacing-left-large:3.84%;--awb-width-medium:60%;--awb-order-medium:0;--awb-spacing-right-medium:3.2%;--awb-spacing-left-medium:3.2%;--awb-width-small:100%;--awb-order-small:2;--awb-margin-top-small:0em;--awb-spacing-right-small:1.92%;--awb-spacing-left-small:1.92%;\" data-scroll-devices=\"small-visibility,medium-visibility,large-visibility\"><div class=\"fusion-column-wrapper fusion-column-has-shadow fusion-flex-justify-content-flex-start fusion-content-layout-column\"><div class=\"fusion-text fusion-text-4\"><p>La alimentaci\u00f3n sana es una parte importante de la promoci\u00f3n hol\u00edstica de la salud. Cuanto m\u00e1s sanos crezcan los ni\u00f1os, mayor ser\u00e1 su calidad de vida y su rendimiento. Comer sano es un proceso de aprendizaje del que padres y guarder\u00edas son corresponsables.<\/p>\n<p>Por esta raz\u00f3n, ofrecemos a los ni\u00f1os un almuerzo de alta calidad, certificado por Fit Kid. Para ello, adem\u00e1s de la comida, que se prepara de forma estrictamente separada de las comidas de los alumnos en el comedor de Freiberg, se examin\u00f3 el dise\u00f1o de las comidas y la aplicaci\u00f3n de un men\u00fa adaptado a los ni\u00f1os.<\/p>\n<\/div><div ><a class=\"fusion-button button-flat fusion-button-default-size button-custom fusion-button-default button-1 fusion-button-default-span fusion-button-default-type\" style=\"--button_accent_color:var(--awb-color8);--button_border_color:var(--awb-color8);--button_accent_hover_color:var(--awb-color8);--button_border_hover_color:var(--awb-color5);--button_border_width-top:1px;--button_border_width-right:1px;--button_border_width-bottom:1px;--button_border_width-left:1px;--button_gradient_top_color:var(--awb-color1);--button_gradient_bottom_color:var(--awb-color1);--button_gradient_top_color_hover:var(--awb-color5);--button_gradient_bottom_color_hover:var(--awb-color5);\" target=\"_blank\" rel=\"noopener noreferrer\" href=\"https:\/\/www.fitkid-aktion.de\/startseite\"><span class=\"fusion-button-text awb-button__text awb-button__text--default\">m\u00e1s informaci\u00f3n sobre FIT KID<\/span><i class=\"fa-external-link-alt fas awb-button__icon awb-button__icon--default button-icon-right\" aria-hidden=\"true\"><\/i><\/a><\/div><\/div><\/div><\/div><\/div><\/p>","protected":false},"excerpt":{"rendered":"","protected":false},"author":1,"featured_media":0,"parent":8,"menu_order":3,"comment_status":"closed","ping_status":"closed","template":"100-width.php","meta":{"_acf_changed":false,"footnotes":""},"class_list":["post-61","page","type-page","status-publish","hentry"],"acf":[],"_links":{"self":[{"href":"https:\/\/www.kind-im-studium.de\/es\/wp-json\/wp\/v2\/pages\/61","targetHints":{"allow":["GET"]}}],"collection":[{"href":"https:\/\/www.kind-im-studium.de\/es\/wp-json\/wp\/v2\/pages"}],"about":[{"href":"https:\/\/www.kind-im-studium.de\/es\/wp-json\/wp\/v2\/types\/page"}],"author":[{"embeddable":true,"href":"https:\/\/www.kind-im-studium.de\/es\/wp-json\/wp\/v2\/users\/1"}],"replies":[{"embeddable":true,"href":"https:\/\/www.kind-im-studium.de\/es\/wp-json\/wp\/v2\/comments?post=61"}],"version-history":[{"count":31,"href":"https:\/\/www.kind-im-studium.de\/es\/wp-json\/wp\/v2\/pages\/61\/revisions"}],"predecessor-version":[{"id":4331,"href":"https:\/\/www.kind-im-studium.de\/es\/wp-json\/wp\/v2\/pages\/61\/revisions\/4331"}],"up":[{"embeddable":true,"href":"https:\/\/www.kind-im-studium.de\/es\/wp-json\/wp\/v2\/pages\/8"}],"wp:attachment":[{"href":"https:\/\/www.kind-im-studium.de\/es\/wp-json\/wp\/v2\/media?parent=61"}],"curies":[{"name":"wp","href":"https:\/\/api.w.org\/{rel}","templated":true}]}}