{"id":57,"date":"2024-11-28T13:53:39","date_gmt":"2024-11-28T12:53:39","guid":{"rendered":"https:\/\/www.kind-im-studium.de\/?page_id=57"},"modified":"2025-01-21T10:27:15","modified_gmt":"2025-01-21T09:27:15","slug":"historie","status":"publish","type":"page","link":"https:\/\/www.kind-im-studium.de\/es\/kinderbetreuung-in-freiberg\/kita-campuszwerge\/historie\/","title":{"rendered":"Historia"},"content":{"rendered":"<p><div class=\"fusion-fullwidth fullwidth-box fusion-builder-row-1 fusion-flex-container has-pattern-background has-mask-background nonhundred-percent-fullwidth non-hundred-percent-height-scrolling\" style=\"--awb-border-radius-top-left:0px;--awb-border-radius-top-right:0px;--awb-border-radius-bottom-right:0px;--awb-border-radius-bottom-left:0px;--awb-background-color:#ffd988;--awb-flex-wrap:wrap;\" ><div class=\"fusion-builder-row fusion-row fusion-flex-align-items-flex-end fusion-flex-content-wrap\" style=\"max-width:1248px;margin-left: calc(-4% \/ 2 );margin-right: calc(-4% \/ 2 );\"><div class=\"fusion-layout-column fusion_builder_column fusion-builder-column-0 fusion_builder_column_3_4 3_4 fusion-flex-column fusion-flex-align-self-flex-end\" style=\"--awb-overflow:hidden;--awb-bg-size:cover;--awb-border-radius:5px 5px 0px 0px;--awb-width-large:75%;--awb-margin-top-large:2em;--awb-spacing-right-large:2.56%;--awb-margin-bottom-large:0px;--awb-spacing-left-large:2.56%;--awb-width-medium:75%;--awb-order-medium:0;--awb-spacing-right-medium:2.56%;--awb-spacing-left-medium:2.56%;--awb-width-small:100%;--awb-order-small:2;--awb-margin-top-small:2em;--awb-spacing-right-small:1.92%;--awb-spacing-left-small:1.92%;\" data-scroll-devices=\"small-visibility,medium-visibility,large-visibility\"><div class=\"fusion-column-wrapper fusion-column-has-shadow fusion-flex-justify-content-center fusion-content-layout-column\"><nav class=\"fusion-breadcrumbs fusion-breadcrumbs-1\" style=\"--awb-text-hover-color:#002536;--awb-breadcrumb-sep:&#039;\/&#039;;\" aria-label=\"Migas de pan\"><ol class=\"awb-breadcrumb-list\"><\/ol><\/nav><div class=\"fusion-title title fusion-title-1 fusion-sep-none fusion-title-text fusion-title-size-one\" style=\"--awb-text-color:var(--awb-color8);--awb-margin-bottom:0px;--awb-margin-bottom-small:0px;--awb-font-size:2.8em;\"><h1 class=\"fusion-title-heading title-heading-left fusion-responsive-typography-calculated\" style=\"margin:0;font-size:1em;--fontSize:50.4;line-height:var(--awb-typography1-line-height);\">Historia de la guarder\u00eda Campuszwerge<\/h1><\/div><\/div><\/div><div class=\"fusion-layout-column fusion_builder_column fusion-builder-column-1 fusion_builder_column_1_1 1_1 fusion-flex-column\" style=\"--awb-bg-size:cover;--awb-width-large:100%;--awb-margin-top-large:-40px;--awb-spacing-right-large:1.92%;--awb-margin-bottom-large:0px;--awb-spacing-left-large:1.92%;--awb-width-medium:100%;--awb-order-medium:0;--awb-spacing-right-medium:1.92%;--awb-spacing-left-medium:1.92%;--awb-width-small:100%;--awb-order-small:3;--awb-spacing-right-small:1.92%;--awb-spacing-left-small:1.92%;\"><div class=\"fusion-column-wrapper fusion-column-has-shadow fusion-flex-justify-content-flex-start fusion-content-layout-column\"><div class=\"fusion-section-separator section-separator waves fusion-section-separator-1\" style=\"--awb-spacer-padding-top:inherit;--awb-svg-margin-left:1.92%;--awb-svg-margin-right:1.92%;--awb-svg-margin-left-medium:1.92%;--awb-svg-margin-right-medium:1.92%;--awb-svg-margin-left-small:1.92%;--awb-svg-margin-right-small:1.92%;--awb-divider-height:100px;--awb-spacer-height:100px;--awb-sep-font-size:0;--awb-sep-line-height:0;\"><div class=\"fusion-section-separator-svg\"><svg class=\"fusion-waves-candy\" xmlns=\"http:\/\/www.w3.org\/2000\/svg\" version=\"1.1\" width=\"100%\" viewbox=\"0 54 1024 162\" preserveaspectratio=\"none\" fill=\"rgba(255,255,255,1)\"><path class=\"st3\" d=\"M1024.1 54.368c-4 .2-8 .4-11.9.7-206.5 15.1-227.9 124.4-434.5 141.6-184.9 15.5-226.3-41.1-404.9-21.3-64 7.2-121.9 20.8-172.7 37.9v3.044h1024V54.368z\"\/><\/svg><\/div><div class=\"fusion-section-separator-spacer\"><div class=\"fusion-section-separator-spacer-height\"><\/div><\/div><\/div><\/div><\/div><\/div><\/div><div class=\"fusion-fullwidth fullwidth-box fusion-builder-row-2 fusion-flex-container has-pattern-background has-mask-background nonhundred-percent-fullwidth non-hundred-percent-height-scrolling\" style=\"--awb-border-radius-top-left:0px;--awb-border-radius-top-right:0px;--awb-border-radius-bottom-right:0px;--awb-border-radius-bottom-left:0px;--awb-padding-top:1em;--awb-padding-bottom:1em;--awb-padding-bottom-small:0px;--awb-flex-wrap:wrap;\" ><div class=\"fusion-builder-row fusion-row fusion-flex-align-items-flex-start fusion-flex-justify-content-space-between fusion-flex-content-wrap\" style=\"max-width:1248px;margin-left: calc(-4% \/ 2 );margin-right: calc(-4% \/ 2 );\"><div class=\"fusion-layout-column fusion_builder_column fusion-builder-column-2 fusion_builder_column_1_1 1_1 fusion-flex-column\" style=\"--awb-bg-size:cover;--awb-width-large:100%;--awb-margin-top-large:0px;--awb-spacing-right-large:1.92%;--awb-margin-bottom-large:20px;--awb-spacing-left-large:1.92%;--awb-width-medium:100%;--awb-order-medium:0;--awb-spacing-right-medium:1.92%;--awb-spacing-left-medium:1.92%;--awb-width-small:100%;--awb-order-small:1;--awb-spacing-right-small:1.92%;--awb-margin-bottom-small:0em;--awb-spacing-left-small:1.92%;\" data-scroll-devices=\"small-visibility,medium-visibility,large-visibility\"><div class=\"fusion-column-wrapper fusion-column-has-shadow fusion-flex-justify-content-flex-start fusion-content-layout-column\"><div class=\"fusion-text fusion-text-1\"><p>Cuando en los a\u00f1os 50 se redise\u00f1\u00f3 la Winklerstra\u00dfe y se construyeron las residencias universitarias y el gran aulario, se proyect\u00f3 un peque\u00f1o parque en el espacio situado junto a la residencia Winklerstra\u00dfe 12. No se sabe si lleg\u00f3 a construirse. Hoy ya no se puede determinar si lleg\u00f3 a construirse. Lo que s\u00ed es cierto es que en los a\u00f1os setenta se construy\u00f3 en este lugar la denominada residencia de ayudantes. Debido a la escasez de viviendas de la \u00e9poca, la Bergakademie construy\u00f3 una residencia de este tipo, formada casi exclusivamente por pisos de una habitaci\u00f3n. Los j\u00f3venes empleados de la Bergakademie pod\u00edan instalarse aqu\u00ed y quedarse hasta que formaran una familia o se les asignara otro piso.<\/p>\n<p>Esta residencia fue demolida en 2008. La cuesti\u00f3n ahora era para qu\u00e9 deb\u00eda utilizarse el solar. El inmueble fue utilizado por la TU Bergakademie Freiberg y es propiedad del Estado Libre de Sajonia.<\/p>\n<\/div><\/div><\/div><div class=\"fusion-layout-column fusion_builder_column fusion-builder-column-3 fusion_builder_column_1_2 1_2 fusion-flex-column\" style=\"--awb-bg-size:cover;--awb-width-large:50%;--awb-margin-top-large:0px;--awb-spacing-right-large:3.84%;--awb-margin-bottom-large:20px;--awb-spacing-left-large:3.84%;--awb-width-medium:50%;--awb-order-medium:0;--awb-spacing-right-medium:3.84%;--awb-spacing-left-medium:3.84%;--awb-width-small:100%;--awb-order-small:3;--awb-spacing-right-small:1.92%;--awb-margin-bottom-small:2em;--awb-spacing-left-small:1.92%;\" data-scroll-devices=\"small-visibility,medium-visibility,large-visibility\"><div class=\"fusion-column-wrapper fusion-column-has-shadow fusion-flex-justify-content-flex-start fusion-content-layout-column\"><div class=\"fusion-text fusion-text-2\"><p>Al mismo tiempo, el sindicato de estudiantes de Freiberg planeaba ampliar su guarder\u00eda. Sin embargo, pronto qued\u00f3 claro que la ampliaci\u00f3n ser\u00eda demasiado peque\u00f1a y demasiado cara. En aquel momento, hab\u00eda unos 50 ni\u00f1os en lista de espera para nuestra guarder\u00eda. En las conversaciones con la universidad y el ayuntamiento de Freiberg sobre la ubicaci\u00f3n de una nueva guarder\u00eda, cristaliz\u00f3 la zona comprendida entre las calles Winklerstrasse y M\u00f6llerstrasse. La S\u00e4chsische Immobilien- und Baumanagement (Gesti\u00f3n Inmobiliaria y de la Construcci\u00f3n de Sajonia), como administradora de los terrenos propiedad del Estado Libre de Sajonia, hizo el resto para ceder la zona a la Uni\u00f3n de Estudiantes de Freiberg en virtud de derechos de construcci\u00f3n hereditarios y la construcci\u00f3n pudo comenzar el 1 de junio de 2010, D\u00eda del Ni\u00f1o.<\/p>\n<p>Todo el mundo ayud\u00f3 y sigue ayudando a financiar la construcci\u00f3n, cuyo coste se estima en algo menos de 2 millones de euros. La mayor parte, 1,2 millones de euros, la aport\u00f3 la ciudad de Freiberg, que m\u00e1s adelante sufragar\u00e1 tambi\u00e9n la mayor parte de los gastos de funcionamiento.<\/p>\n<\/div><\/div><\/div><div class=\"fusion-layout-column fusion_builder_column fusion-builder-column-4 fusion_builder_column_1_2 1_2 fusion-flex-column\" style=\"--awb-bg-size:cover;--awb-width-large:50%;--awb-margin-top-large:0px;--awb-spacing-right-large:3.84%;--awb-margin-bottom-large:20px;--awb-spacing-left-large:3.84%;--awb-width-medium:50%;--awb-order-medium:0;--awb-spacing-right-medium:3.84%;--awb-spacing-left-medium:3.84%;--awb-width-small:100%;--awb-order-small:2;--awb-spacing-right-small:1.92%;--awb-spacing-left-small:1.92%;\" data-scroll-devices=\"small-visibility,medium-visibility,large-visibility\"><div class=\"fusion-column-wrapper fusion-column-has-shadow fusion-flex-justify-content-flex-start fusion-content-layout-column\"><div class=\"fusion-image-element awb-imageframe-style awb-imageframe-style-below awb-imageframe-style-1\" style=\"--awb-caption-title-color:var(--awb-color6);--awb-caption-text-color:var(--awb-color6);--awb-caption-text-size:0.75em;--awb-caption-margin-top:15px;--awb-caption-title-font-family:var(--body_typography-font-family);--awb-caption-title-font-weight:var(--body_typography-font-weight);--awb-caption-title-font-style:var(--body_typography-font-style);--awb-caption-title-size:0.8em;--awb-caption-title-transform:var(--body_typography-text-transform);--awb-caption-title-line-height:var(--body_typography-line-height);--awb-caption-title-letter-spacing:var(--body_typography-letter-spacing);\"><span class=\"fusion-imageframe imageframe-none imageframe-1 hover-type-none\"><img decoding=\"async\" width=\"700\" height=\"466\" alt=\"Grundsteinlegung Kita Campuszwerge\" title=\"historia del campus enano\" src=\"https:\/\/www.kind-im-studium.de\/wp-content\/uploads\/sites\/3\/2025\/01\/campuszwerge-historie.jpg\" class=\"img-responsive wp-image-3235\" srcset=\"https:\/\/www.kind-im-studium.de\/wp-content\/uploads\/sites\/3\/2025\/01\/campuszwerge-historie-200x133.jpg 200w, https:\/\/www.kind-im-studium.de\/wp-content\/uploads\/sites\/3\/2025\/01\/campuszwerge-historie-400x266.jpg 400w, https:\/\/www.kind-im-studium.de\/wp-content\/uploads\/sites\/3\/2025\/01\/campuszwerge-historie-600x399.jpg 600w, https:\/\/www.kind-im-studium.de\/wp-content\/uploads\/sites\/3\/2025\/01\/campuszwerge-historie.jpg 700w\" sizes=\"(max-width: 640px) 100vw, 600px\" \/><\/span><div class=\"awb-imageframe-caption-container\"><div class=\"awb-imageframe-caption\"><div class=\"awb-imageframe-caption-title\">Colocaci\u00f3n de la primera piedra \u00a9Detlev M\u00fcller<\/div><\/div><\/div><\/div><\/div><\/div><\/div><\/div><div class=\"fusion-fullwidth fullwidth-box fusion-builder-row-3 fusion-flex-container has-pattern-background has-mask-background nonhundred-percent-fullwidth non-hundred-percent-height-scrolling\" style=\"--awb-border-radius-top-left:0px;--awb-border-radius-top-right:0px;--awb-border-radius-bottom-right:0px;--awb-border-radius-bottom-left:0px;--awb-padding-top:2em;--awb-padding-bottom:2em;--awb-padding-bottom-small:0px;--awb-background-color:var(--awb-color2);--awb-flex-wrap:wrap;\" ><div class=\"fusion-builder-row fusion-row fusion-flex-align-items-flex-start fusion-flex-justify-content-space-between fusion-flex-content-wrap\" style=\"max-width:1248px;margin-left: calc(-4% \/ 2 );margin-right: calc(-4% \/ 2 );\"><div class=\"fusion-layout-column fusion_builder_column fusion-builder-column-5 fusion_builder_column_5_6 5_6 fusion-flex-column\" style=\"--awb-bg-size:cover;--awb-width-large:83.333333333333%;--awb-margin-top-large:0px;--awb-spacing-right-large:2.304%;--awb-margin-bottom-large:20px;--awb-spacing-left-large:2.304%;--awb-width-medium:100%;--awb-order-medium:0;--awb-spacing-right-medium:1.92%;--awb-spacing-left-medium:1.92%;--awb-width-small:100%;--awb-order-small:2;--awb-spacing-right-small:1.92%;--awb-margin-bottom-small:2em;--awb-spacing-left-small:1.92%;\"><div class=\"fusion-column-wrapper fusion-column-has-shadow fusion-flex-justify-content-flex-start fusion-content-layout-column\"><div class=\"fusion-title title fusion-title-2 fusion-sep-none fusion-title-text fusion-title-size-two\" style=\"--awb-text-color:var(--awb-color7);--awb-font-size:2em;\"><h2 class=\"fusion-title-heading title-heading-left fusion-responsive-typography-calculated\" style=\"margin:0;font-size:1em;--fontSize:36;line-height:var(--awb-typography1-line-height);\">El Sindicato de Estudiantes se regala a s\u00ed mismo<\/h2><\/div><div class=\"fusion-text fusion-text-3\"><p>La guarder\u00eda de la Winklerstra\u00dfe se inaugur\u00f3 el 1 de julio de 2011, coincidiendo con el vig\u00e9simo aniversario de la Studentenwerk.<\/p>\n<p><strong>Por Steffen Jankowski y Oliver Hach - Freie Presse Freiberg del 02.07.2011:<\/strong><\/p>\n<p><em>Freiberg - Ayer hubo varios brindis en la Uni\u00f3n de Estudiantes de Freiberg. Los m\u00e1s peque\u00f1os dieron el pistoletazo de salida -aunque con champ\u00e1n- a la inauguraci\u00f3n de su nueva guarder\u00eda en la calle Winklerstra\u00dfe. Despu\u00e9s, el Studentenwerk, que gestiona la guarder\u00eda como proveedor independiente, celebr\u00f3 tambi\u00e9n su 20 aniversario.<\/em><\/p>\n<p><em>\"Precioso\" -y con convicci\u00f3n y longitud- fue el veredicto de Kaja sobre el nuevo edificio ayer. La ni\u00f1a de tres a\u00f1os fue la primera en entrar en el nuevo centro por la ma\u00f1ana. Enseguida se sinti\u00f3 como en casa y empez\u00f3 a pintar. Su madre, D\u00f6rte Plate, tambi\u00e9n se deshizo en elogios. \"El edificio es muy luminoso y espacioso\", dijo la doctora.<\/em><br \/>\n<em>Actualmente tenemos tres ni\u00f1os de jard\u00edn de infancia y cinco de guarder\u00eda\", informa Kathrin Stebel. Para este mes hay inscritos un total de 18 ni\u00f1os y ni\u00f1as, prosigue la responsable de la nueva guarder\u00eda: \"A partir de septiembre se cubrir\u00e1n las 60 plazas\".<\/em><br \/>\n<em>El tejado de la sala polivalente es un elemento llamativo del colorido edificio de poca altura situado en el cruce de la M\u00f6llerstra\u00dfe. Su dise\u00f1o poco convencional garantiza una buena ac\u00fastica. Esto fue de gran ayuda para el programa de ayer del grupo de escarabajos Hornm\u00fchlenweg. Su utilidad en el juego cotidiano est\u00e1 por ver[...].<\/em><br \/>\n<em>Ayer, los ni\u00f1os del Grupo Escarabajo estaban tan contentos con la nueva guarder\u00eda de la Studentenwerk de la Winklerstra\u00dfe como su directora, Kathrin Stebel, y Thomas Schmalz, de la Studentenwerk Freiberg.<\/em><\/p>\n<\/div><\/div><\/div><\/div><\/div><\/p>","protected":false},"excerpt":{"rendered":"","protected":false},"author":1,"featured_media":0,"parent":45,"menu_order":5,"comment_status":"closed","ping_status":"closed","template":"100-width.php","meta":{"_acf_changed":false,"footnotes":""},"class_list":["post-57","page","type-page","status-publish","hentry"],"acf":[],"_links":{"self":[{"href":"https:\/\/www.kind-im-studium.de\/es\/wp-json\/wp\/v2\/pages\/57","targetHints":{"allow":["GET"]}}],"collection":[{"href":"https:\/\/www.kind-im-studium.de\/es\/wp-json\/wp\/v2\/pages"}],"about":[{"href":"https:\/\/www.kind-im-studium.de\/es\/wp-json\/wp\/v2\/types\/page"}],"author":[{"embeddable":true,"href":"https:\/\/www.kind-im-studium.de\/es\/wp-json\/wp\/v2\/users\/1"}],"replies":[{"embeddable":true,"href":"https:\/\/www.kind-im-studium.de\/es\/wp-json\/wp\/v2\/comments?post=57"}],"version-history":[{"count":10,"href":"https:\/\/www.kind-im-studium.de\/es\/wp-json\/wp\/v2\/pages\/57\/revisions"}],"predecessor-version":[{"id":3506,"href":"https:\/\/www.kind-im-studium.de\/es\/wp-json\/wp\/v2\/pages\/57\/revisions\/3506"}],"up":[{"embeddable":true,"href":"https:\/\/www.kind-im-studium.de\/es\/wp-json\/wp\/v2\/pages\/45"}],"wp:attachment":[{"href":"https:\/\/www.kind-im-studium.de\/es\/wp-json\/wp\/v2\/media?parent=57"}],"curies":[{"name":"wp","href":"https:\/\/api.w.org\/{rel}","templated":true}]}}